{"id":1919,"date":"2024-02-16T14:47:45","date_gmt":"2024-02-16T17:47:45","guid":{"rendered":"https:\/\/parabolia.net\/?page_id=1919"},"modified":"2025-06-15T13:21:20","modified_gmt":"2025-06-15T16:21:20","slug":"desassossego","status":"publish","type":"page","link":"https:\/\/parabolia.net\/en\/tronco\/projetos-completos\/desassossego\/","title":{"rendered":"Desassossego &#8211; Tronco"},"content":{"rendered":"<div data-elementor-type=\"wp-page\" data-elementor-id=\"1919\" class=\"elementor elementor-1919\">\n\t\t\t\t<div class=\"elementor-element elementor-element-305fb54 e-flex e-con-boxed e-con e-parent\" data-id=\"305fb54\" data-element_type=\"container\" data-e-type=\"container\">\n\t\t\t\t\t<div class=\"e-con-inner\">\n\t\t\t\t<div class=\"elementor-element elementor-element-5929d89 elementor-widget elementor-widget-spacer\" data-id=\"5929d89\" data-element_type=\"widget\" data-e-type=\"widget\" data-widget_type=\"spacer.default\">\n\t\t\t\t<div class=\"elementor-widget-container\">\n\t\t\t\t\t\t\t<div class=\"elementor-spacer\">\n\t\t\t<div class=\"elementor-spacer-inner\"><\/div>\n\t\t<\/div>\n\t\t\t\t\t\t<\/div>\n\t\t\t\t<\/div>\n\t\t\t\t\t<\/div>\n\t\t\t\t<\/div>\n\t\t<div class=\"elementor-element elementor-element-2d1622e e-flex e-con-boxed e-con e-parent\" data-id=\"2d1622e\" data-element_type=\"container\" data-e-type=\"container\">\n\t\t\t\t\t<div class=\"e-con-inner\">\n\t\t\t\t<div class=\"elementor-element elementor-element-80e0a3b elementor-widget elementor-widget-image\" data-id=\"80e0a3b\" data-element_type=\"widget\" data-e-type=\"widget\" data-widget_type=\"image.default\">\n\t\t\t\t<div class=\"elementor-widget-container\">\n\t\t\t\t\t\t\t\t\t\t\t\t\t\t\t<img fetchpriority=\"high\" decoding=\"async\" width=\"204\" height=\"250\" src=\"https:\/\/parabolia.net\/wp-content\/uploads\/2024\/02\/logo-desassossego02-1.png\" class=\"attachment-large size-large wp-image-2538\" alt=\"\" \/>\t\t\t\t\t\t\t\t\t\t\t\t\t\t\t<\/div>\n\t\t\t\t<\/div>\n\t\t\t\t\t<\/div>\n\t\t\t\t<\/div>\n\t\t<div class=\"elementor-element elementor-element-236e920 e-flex e-con-boxed e-con e-parent\" data-id=\"236e920\" data-element_type=\"container\" data-e-type=\"container\">\n\t\t\t\t\t<div class=\"e-con-inner\">\n\t\t\t\t<div class=\"elementor-element elementor-element-b6192f4 elementor-widget elementor-widget-spacer\" data-id=\"b6192f4\" data-element_type=\"widget\" data-e-type=\"widget\" data-widget_type=\"spacer.default\">\n\t\t\t\t<div class=\"elementor-widget-container\">\n\t\t\t\t\t\t\t<div class=\"elementor-spacer\">\n\t\t\t<div class=\"elementor-spacer-inner\"><\/div>\n\t\t<\/div>\n\t\t\t\t\t\t<\/div>\n\t\t\t\t<\/div>\n\t\t\t\t\t<\/div>\n\t\t\t\t<\/div>\n\t\t<div class=\"elementor-element elementor-element-9b15151 e-flex e-con-boxed e-con e-parent\" data-id=\"9b15151\" data-element_type=\"container\" data-e-type=\"container\">\n\t\t\t\t\t<div class=\"e-con-inner\">\n\t\t\t\t<div class=\"elementor-element elementor-element-1ad3f5d elementor-widget__width-initial elementor-widget elementor-widget-heading\" data-id=\"1ad3f5d\" data-element_type=\"widget\" data-e-type=\"widget\" data-widget_type=\"heading.default\">\n\t\t\t\t<div class=\"elementor-widget-container\">\n\t\t\t\t\t<h2 class=\"elementor-heading-title elementor-size-default\">Desassossego<\/h2>\t\t\t\t<\/div>\n\t\t\t\t<\/div>\n\t\t\t\t\t<\/div>\n\t\t\t\t<\/div>\n\t\t<div class=\"elementor-element elementor-element-48e73ae e-flex e-con-boxed e-con e-parent\" data-id=\"48e73ae\" data-element_type=\"container\" data-e-type=\"container\">\n\t\t\t\t\t<div class=\"e-con-inner\">\n\t\t\t\t<div class=\"elementor-element elementor-element-e4c2ea0 elementor-widget__width-initial elementor-widget-mobile__width-initial elementor-widget elementor-widget-text-editor\" data-id=\"e4c2ea0\" data-element_type=\"widget\" data-e-type=\"widget\" data-widget_type=\"text-editor.default\">\n\t\t\t\t<div class=\"elementor-widget-container\">\n\t\t\t\t\t\t\t\t\t<p style=\"text-align: center;\" align=\"justify\">Visual Identity of the show <em>Desassossego<\/em>, contemplated by the 7th Edition of the Municipal Circus Promotion Program for the city of S\u00e3o Paulo, by the artist <strong>Alexandre Souza<\/strong>.<\/p><p style=\"text-align: center;\" align=\"justify\" class=\"translation-block\">| Visit <b>Desassossego<\/b>'s Instagram <a href=\"https:\/\/www.instagram.com\/projetodesassossego\/\" target=\"_blank\" rel=\"noopener\">here<\/a>.<\/p><p style=\"text-align: center;\" align=\"justify\" class=\"translation-block\">| Visit <b>Alexandre Souza<\/b>'s Instagram <a href=\"https:\/\/www.instagram.com\/alexandre8souza\/\" target=\"_blank\" rel=\"noopener\">here<\/a>.<\/p><p style=\"text-align: center;\" align=\"justify\">2023<\/p>\t\t\t\t\t\t\t\t<\/div>\n\t\t\t\t<\/div>\n\t\t\t\t\t<\/div>\n\t\t\t\t<\/div>\n\t\t<div class=\"elementor-element elementor-element-252c38c e-flex e-con-boxed e-con e-parent\" data-id=\"252c38c\" data-element_type=\"container\" data-e-type=\"container\">\n\t\t\t\t\t<div class=\"e-con-inner\">\n\t\t\t\t<div class=\"elementor-element elementor-element-fa3a739 elementor-widget-divider--view-line_text elementor-widget-divider--element-align-center elementor-widget elementor-widget-divider\" data-id=\"fa3a739\" data-element_type=\"widget\" data-e-type=\"widget\" data-widget_type=\"divider.default\">\n\t\t\t\t<div class=\"elementor-widget-container\">\n\t\t\t\t\t\t\t<div class=\"elementor-divider\">\n\t\t\t<span class=\"elementor-divider-separator\">\n\t\t\t\t\t\t\t<span class=\"elementor-divider__text elementor-divider__element\">\n\t\t\t\tPOSTER\t\t\t\t<\/span>\n\t\t\t\t\t\t<\/span>\n\t\t<\/div>\n\t\t\t\t\t\t<\/div>\n\t\t\t\t<\/div>\n\t\t\t\t\t<\/div>\n\t\t\t\t<\/div>\n\t\t<div class=\"elementor-element elementor-element-1fa20c0 e-flex e-con-boxed e-con e-parent\" data-id=\"1fa20c0\" data-element_type=\"container\" data-e-type=\"container\">\n\t\t\t\t\t<div class=\"e-con-inner\">\n\t\t\t\t<div class=\"elementor-element elementor-element-2dd4046 elementor-widget elementor-widget-image\" data-id=\"2dd4046\" data-element_type=\"widget\" data-e-type=\"widget\" data-widget_type=\"image.default\">\n\t\t\t\t<div class=\"elementor-widget-container\">\n\t\t\t\t\t\t\t\t\t\t\t\t\t\t\t<img decoding=\"async\" width=\"670\" height=\"947\" src=\"https:\/\/parabolia.net\/wp-content\/uploads\/2024\/02\/poster-desassossego01.png\" class=\"attachment-large size-large wp-image-2548\" alt=\"\" srcset=\"https:\/\/parabolia.net\/wp-content\/uploads\/2024\/02\/poster-desassossego01.png 670w, https:\/\/parabolia.net\/wp-content\/uploads\/2024\/02\/poster-desassossego01-212x300.png 212w\" sizes=\"(max-width: 670px) 100vw, 670px\" \/>\t\t\t\t\t\t\t\t\t\t\t\t\t\t\t<\/div>\n\t\t\t\t<\/div>\n\t\t\t\t\t<\/div>\n\t\t\t\t<\/div>\n\t\t<div class=\"elementor-element elementor-element-17debd8 e-flex e-con-boxed e-con e-parent\" data-id=\"17debd8\" data-element_type=\"container\" data-e-type=\"container\">\n\t\t\t\t\t<div class=\"e-con-inner\">\n\t\t\t\t<div class=\"elementor-element elementor-element-ef56fdc elementor-widget-divider--view-line_text elementor-widget-divider--element-align-center elementor-widget elementor-widget-divider\" data-id=\"ef56fdc\" data-element_type=\"widget\" data-e-type=\"widget\" data-widget_type=\"divider.default\">\n\t\t\t\t<div class=\"elementor-widget-container\">\n\t\t\t\t\t\t\t<div class=\"elementor-divider\">\n\t\t\t<span class=\"elementor-divider-separator\">\n\t\t\t\t\t\t\t<span class=\"elementor-divider__text elementor-divider__element\">\n\t\t\t\tFLYERS\t\t\t\t<\/span>\n\t\t\t\t\t\t<\/span>\n\t\t<\/div>\n\t\t\t\t\t\t<\/div>\n\t\t\t\t<\/div>\n\t\t\t\t\t<\/div>\n\t\t\t\t<\/div>\n\t\t<div class=\"elementor-element elementor-element-cf85e0a e-flex e-con-boxed e-con e-parent\" data-id=\"cf85e0a\" data-element_type=\"container\" data-e-type=\"container\">\n\t\t\t\t\t<div class=\"e-con-inner\">\n\t\t<div class=\"elementor-element elementor-element-6de9967 e-con-full e-flex e-con e-child\" data-id=\"6de9967\" data-element_type=\"container\" data-e-type=\"container\">\n\t\t\t\t<div class=\"elementor-element elementor-element-01349d9 elementor-widget elementor-widget-image\" data-id=\"01349d9\" data-element_type=\"widget\" data-e-type=\"widget\" data-widget_type=\"image.default\">\n\t\t\t\t<div class=\"elementor-widget-container\">\n\t\t\t\t\t\t\t\t\t\t\t\t\t\t\t<img decoding=\"async\" width=\"500\" height=\"500\" src=\"https:\/\/parabolia.net\/wp-content\/uploads\/2024\/02\/flyer-desassossego01.png\" class=\"attachment-full size-full wp-image-2549\" alt=\"\" srcset=\"https:\/\/parabolia.net\/wp-content\/uploads\/2024\/02\/flyer-desassossego01.png 500w, https:\/\/parabolia.net\/wp-content\/uploads\/2024\/02\/flyer-desassossego01-300x300.png 300w, https:\/\/parabolia.net\/wp-content\/uploads\/2024\/02\/flyer-desassossego01-150x150.png 150w\" sizes=\"(max-width: 500px) 100vw, 500px\" \/>\t\t\t\t\t\t\t\t\t\t\t\t\t\t\t<\/div>\n\t\t\t\t<\/div>\n\t\t\t\t<\/div>\n\t\t<div class=\"elementor-element elementor-element-9aa8fa8 e-con-full e-flex e-con e-child\" data-id=\"9aa8fa8\" data-element_type=\"container\" data-e-type=\"container\">\n\t\t\t\t<div class=\"elementor-element elementor-element-028884c elementor-widget elementor-widget-image\" data-id=\"028884c\" data-element_type=\"widget\" data-e-type=\"widget\" data-widget_type=\"image.default\">\n\t\t\t\t<div class=\"elementor-widget-container\">\n\t\t\t\t\t\t\t\t\t\t\t\t\t\t\t<img loading=\"lazy\" decoding=\"async\" width=\"500\" height=\"500\" src=\"https:\/\/parabolia.net\/wp-content\/uploads\/2024\/02\/flyer-desassossego02.png\" class=\"attachment-full size-full wp-image-2550\" alt=\"\" srcset=\"https:\/\/parabolia.net\/wp-content\/uploads\/2024\/02\/flyer-desassossego02.png 500w, https:\/\/parabolia.net\/wp-content\/uploads\/2024\/02\/flyer-desassossego02-300x300.png 300w, https:\/\/parabolia.net\/wp-content\/uploads\/2024\/02\/flyer-desassossego02-150x150.png 150w\" sizes=\"(max-width: 500px) 100vw, 500px\" \/>\t\t\t\t\t\t\t\t\t\t\t\t\t\t\t<\/div>\n\t\t\t\t<\/div>\n\t\t\t\t<\/div>\n\t\t\t\t\t<\/div>\n\t\t\t\t<\/div>\n\t\t<div class=\"elementor-element elementor-element-1ea891a e-flex e-con-boxed e-con e-parent\" data-id=\"1ea891a\" data-element_type=\"container\" data-e-type=\"container\">\n\t\t\t\t\t<div class=\"e-con-inner\">\n\t\t\t\t<div class=\"elementor-element elementor-element-c42b001 elementor-widget-divider--view-line_text elementor-widget-divider--element-align-center elementor-widget elementor-widget-divider\" data-id=\"c42b001\" data-element_type=\"widget\" data-e-type=\"widget\" data-widget_type=\"divider.default\">\n\t\t\t\t<div class=\"elementor-widget-container\">\n\t\t\t\t\t\t\t<div class=\"elementor-divider\">\n\t\t\t<span class=\"elementor-divider-separator\">\n\t\t\t\t\t\t\t<span class=\"elementor-divider__text elementor-divider__element\">\n\t\t\t\tDOSSIER (4 of 9 PAGES)\t\t\t\t<\/span>\n\t\t\t\t\t\t<\/span>\n\t\t<\/div>\n\t\t\t\t\t\t<\/div>\n\t\t\t\t<\/div>\n\t\t\t\t\t<\/div>\n\t\t\t\t<\/div>\n\t\t<div class=\"elementor-element elementor-element-75688e7 e-con-full e-flex e-con e-parent\" data-id=\"75688e7\" data-element_type=\"container\" data-e-type=\"container\">\n\t\t\t\t<div class=\"elementor-element elementor-element-1322e23 elementor-arrows-position-outside elementor-widget-mobile__width-initial elementor-pagination-position-outside elementor-widget elementor-widget-image-carousel\" data-id=\"1322e23\" data-element_type=\"widget\" data-e-type=\"widget\" data-settings=\"{&quot;slides_to_show&quot;:&quot;1&quot;,&quot;autoplay&quot;:&quot;no&quot;,&quot;slides_to_show_tablet&quot;:&quot;1&quot;,&quot;slides_to_show_mobile&quot;:&quot;1&quot;,&quot;navigation&quot;:&quot;both&quot;,&quot;infinite&quot;:&quot;yes&quot;,&quot;effect&quot;:&quot;slide&quot;,&quot;speed&quot;:500}\" data-widget_type=\"image-carousel.default\">\n\t\t\t\t<div class=\"elementor-widget-container\">\n\t\t\t\t\t\t\t<div class=\"elementor-image-carousel-wrapper swiper\" role=\"region\" aria-roledescription=\"carousel\" aria-label=\"Carrossel de imagens\" dir=\"ltr\">\n\t\t\t<div class=\"elementor-image-carousel swiper-wrapper\" aria-live=\"polite\">\n\t\t\t\t\t\t\t\t<div class=\"swiper-slide\" role=\"group\" aria-roledescription=\"slide\" aria-label=\"1 of 4\" data-no-translation-aria-label=\"\"><figure class=\"swiper-slide-inner\"><img decoding=\"async\" class=\"swiper-slide-image\" src=\"https:\/\/parabolia.net\/wp-content\/uploads\/2024\/02\/dossie-desassossego01.png\" alt=\"dossie-desassossego01\" \/><\/figure><\/div><div class=\"swiper-slide\" role=\"group\" aria-roledescription=\"slide\" aria-label=\"2 of 4\" data-no-translation-aria-label=\"\"><figure class=\"swiper-slide-inner\"><img decoding=\"async\" class=\"swiper-slide-image\" src=\"https:\/\/parabolia.net\/wp-content\/uploads\/2024\/02\/dossie-desassossego02.png\" alt=\"dossie-desassossego02\" \/><\/figure><\/div><div class=\"swiper-slide\" role=\"group\" aria-roledescription=\"slide\" aria-label=\"3 of 4\" data-no-translation-aria-label=\"\"><figure class=\"swiper-slide-inner\"><img decoding=\"async\" class=\"swiper-slide-image\" src=\"https:\/\/parabolia.net\/wp-content\/uploads\/2024\/02\/dossie-desassossego03.png\" alt=\"dossie-desassossego03\" \/><\/figure><\/div><div class=\"swiper-slide\" role=\"group\" aria-roledescription=\"slide\" aria-label=\"4 of 4\" data-no-translation-aria-label=\"\"><figure class=\"swiper-slide-inner\"><img decoding=\"async\" class=\"swiper-slide-image\" src=\"https:\/\/parabolia.net\/wp-content\/uploads\/2024\/02\/dossie-desassossego04.png\" alt=\"dossie-desassossego04\" \/><\/figure><\/div>\t\t\t<\/div>\n\t\t\t\t\t\t\t\t\t\t\t\t<div class=\"elementor-swiper-button elementor-swiper-button-prev\" role=\"button\" tabindex=\"0\">\n\t\t\t\t\t\t<svg aria-hidden=\"true\" class=\"e-font-icon-svg e-eicon-chevron-left\" viewbox=\"0 0 1000 1000\" xmlns=\"http:\/\/www.w3.org\/2000\/svg\"><path d=\"M646 125C629 125 613 133 604 142L308 442C296 454 292 471 292 487 292 504 296 521 308 533L604 854C617 867 629 875 646 875 663 875 679 871 692 858 704 846 713 829 713 812 713 796 708 779 692 767L438 487 692 225C700 217 708 204 708 187 708 171 704 154 692 142 675 129 663 125 646 125Z\"><\/path><\/svg>\t\t\t\t\t<\/div>\n\t\t\t\t\t<div class=\"elementor-swiper-button elementor-swiper-button-next\" role=\"button\" tabindex=\"0\">\n\t\t\t\t\t\t<svg aria-hidden=\"true\" class=\"e-font-icon-svg e-eicon-chevron-right\" viewbox=\"0 0 1000 1000\" xmlns=\"http:\/\/www.w3.org\/2000\/svg\"><path d=\"M696 533C708 521 713 504 713 487 713 471 708 454 696 446L400 146C388 133 375 125 354 125 338 125 325 129 313 142 300 154 292 171 292 187 292 204 296 221 308 233L563 492 304 771C292 783 288 800 288 817 288 833 296 850 308 863 321 871 338 875 354 875 371 875 388 867 400 854L696 533Z\"><\/path><\/svg>\t\t\t\t\t<\/div>\n\t\t\t\t\n\t\t\t\t\t\t\t\t\t<div class=\"swiper-pagination\"><\/div>\n\t\t\t\t\t\t\t\t\t<\/div>\n\t\t\t\t\t\t<\/div>\n\t\t\t\t<\/div>\n\t\t\t\t<\/div>\n\t\t<div class=\"elementor-element elementor-element-6e59482 e-flex e-con-boxed e-con e-parent\" data-id=\"6e59482\" data-element_type=\"container\" data-e-type=\"container\">\n\t\t\t\t\t<div class=\"e-con-inner\">\n\t\t\t\t\t<\/div>\n\t\t\t\t<\/div>\n\t\t\t\t<\/div>","protected":false},"excerpt":{"rendered":"<p>Desassossego Identidade Visual do espet\u00e1culo Desassossego, contemplado pela 7\u00aa Edi\u00e7\u00e3o do Programa Municipal de Fomento ao Circo para a cidade de S\u00e3o Paulo, do artista Alexandre Souza. | Acesse o instagram de Desassossego aqui. | Acesse o instagram de Alexandre Souza aqui. 2023 POSTER FLYERS DOSSI\u00ca (4 de 9 P\u00c1GINAS)<\/p>","protected":false},"author":2,"featured_media":0,"parent":1863,"menu_order":0,"comment_status":"closed","ping_status":"closed","template":"elementor_header_footer","meta":{"footnotes":""},"class_list":["post-1919","page","type-page","status-publish","hentry"],"yoast_head":"<!-- This site is optimized with the Yoast SEO plugin v27.4 - https:\/\/yoast.com\/product\/yoast-seo-wordpress\/ -->\n<title>Desassossego - Tronco - Parabolia<\/title>\n<meta name=\"robots\" content=\"index, follow, max-snippet:-1, max-image-preview:large, max-video-preview:-1\" \/>\n<link rel=\"canonical\" href=\"https:\/\/parabolia.net\/en\/tronco\/projetos-completos\/desassossego\/\" \/>\n<meta property=\"og:locale\" content=\"en_GB\" \/>\n<meta property=\"og:type\" content=\"article\" \/>\n<meta property=\"og:title\" content=\"Desassossego - Tronco - Parabolia\" \/>\n<meta property=\"og:description\" content=\"Desassossego Identidade Visual do espet\u00e1culo Desassossego, contemplado pela 7\u00aa Edi\u00e7\u00e3o do Programa Municipal de Fomento ao Circo para a cidade de S\u00e3o Paulo, do artista Alexandre Souza. | Acesse o instagram de Desassossego aqui. | Acesse o instagram de Alexandre Souza aqui. 2023 POSTER FLYERS DOSSI\u00ca (4 de 9 P\u00c1GINAS)\" \/>\n<meta property=\"og:url\" content=\"https:\/\/parabolia.net\/en\/tronco\/projetos-completos\/desassossego\/\" \/>\n<meta property=\"og:site_name\" content=\"Parabolia\" \/>\n<meta property=\"article:modified_time\" content=\"2025-06-15T16:21:20+00:00\" \/>\n<meta property=\"og:image\" content=\"https:\/\/parabolia.net\/wp-content\/uploads\/2024\/02\/logo-desassossego02-1.png\" \/>\n<meta name=\"twitter:card\" content=\"summary_large_image\" \/>\n<script type=\"application\/ld+json\" class=\"yoast-schema-graph\">{\"@context\":\"https:\\\/\\\/schema.org\",\"@graph\":[{\"@type\":\"WebPage\",\"@id\":\"https:\\\/\\\/parabolia.net\\\/en\\\/tronco\\\/projetos-completos\\\/desassossego\\\/\",\"url\":\"https:\\\/\\\/parabolia.net\\\/en\\\/tronco\\\/projetos-completos\\\/desassossego\\\/\",\"name\":\"Desassossego - Tronco - Parabolia\",\"isPartOf\":{\"@id\":\"https:\\\/\\\/parabolia.net\\\/#website\"},\"primaryImageOfPage\":{\"@id\":\"https:\\\/\\\/parabolia.net\\\/en\\\/tronco\\\/projetos-completos\\\/desassossego\\\/#primaryimage\"},\"image\":{\"@id\":\"https:\\\/\\\/parabolia.net\\\/en\\\/tronco\\\/projetos-completos\\\/desassossego\\\/#primaryimage\"},\"thumbnailUrl\":\"https:\\\/\\\/parabolia.net\\\/wp-content\\\/uploads\\\/2024\\\/02\\\/logo-desassossego02-1.png\",\"datePublished\":\"2024-02-16T17:47:45+00:00\",\"dateModified\":\"2025-06-15T16:21:20+00:00\",\"breadcrumb\":{\"@id\":\"https:\\\/\\\/parabolia.net\\\/en\\\/tronco\\\/projetos-completos\\\/desassossego\\\/#breadcrumb\"},\"inLanguage\":\"en-GB\",\"potentialAction\":[{\"@type\":\"ReadAction\",\"target\":[\"https:\\\/\\\/parabolia.net\\\/en\\\/tronco\\\/projetos-completos\\\/desassossego\\\/\"]}]},{\"@type\":\"ImageObject\",\"inLanguage\":\"en-GB\",\"@id\":\"https:\\\/\\\/parabolia.net\\\/en\\\/tronco\\\/projetos-completos\\\/desassossego\\\/#primaryimage\",\"url\":\"https:\\\/\\\/parabolia.net\\\/wp-content\\\/uploads\\\/2024\\\/02\\\/logo-desassossego02-1.png\",\"contentUrl\":\"https:\\\/\\\/parabolia.net\\\/wp-content\\\/uploads\\\/2024\\\/02\\\/logo-desassossego02-1.png\"},{\"@type\":\"BreadcrumbList\",\"@id\":\"https:\\\/\\\/parabolia.net\\\/en\\\/tronco\\\/projetos-completos\\\/desassossego\\\/#breadcrumb\",\"itemListElement\":[{\"@type\":\"ListItem\",\"position\":1,\"name\":\"Tronco\",\"item\":\"https:\\\/\\\/parabolia.net\\\/tronco\\\/\"},{\"@type\":\"ListItem\",\"position\":2,\"name\":\"Projetos Completos &#8211; Tronco\",\"item\":\"https:\\\/\\\/parabolia.net\\\/en\\\/tronco\\\/projetos-completos\\\/\"},{\"@type\":\"ListItem\",\"position\":3,\"name\":\"Desassossego &#8211; Tronco\"}]},{\"@type\":\"WebSite\",\"@id\":\"https:\\\/\\\/parabolia.net\\\/#website\",\"url\":\"https:\\\/\\\/parabolia.net\\\/\",\"name\":\"Parabolia\",\"description\":\"Antenando com a cultura independente!\",\"publisher\":{\"@id\":\"https:\\\/\\\/parabolia.net\\\/#organization\"},\"potentialAction\":[{\"@type\":\"SearchAction\",\"target\":{\"@type\":\"EntryPoint\",\"urlTemplate\":\"https:\\\/\\\/parabolia.net\\\/?s={search_term_string}\"},\"query-input\":{\"@type\":\"PropertyValueSpecification\",\"valueRequired\":true,\"valueName\":\"search_term_string\"}}],\"inLanguage\":\"en-GB\"},{\"@type\":\"Organization\",\"@id\":\"https:\\\/\\\/parabolia.net\\\/#organization\",\"name\":\"Parabolia\",\"url\":\"https:\\\/\\\/parabolia.net\\\/\",\"logo\":{\"@type\":\"ImageObject\",\"inLanguage\":\"en-GB\",\"@id\":\"https:\\\/\\\/parabolia.net\\\/#\\\/schema\\\/logo\\\/image\\\/\",\"url\":\"https:\\\/\\\/parabolia.net\\\/wp-content\\\/uploads\\\/2024\\\/02\\\/logo-parabolia01.png\",\"contentUrl\":\"https:\\\/\\\/parabolia.net\\\/wp-content\\\/uploads\\\/2024\\\/02\\\/logo-parabolia01.png\",\"width\":512,\"height\":512,\"caption\":\"Parabolia\"},\"image\":{\"@id\":\"https:\\\/\\\/parabolia.net\\\/#\\\/schema\\\/logo\\\/image\\\/\"},\"sameAs\":[\"https:\\\/\\\/www.instagram.com\\\/laparabolia\\\/\"]}]}<\/script>\n<!-- \/ Yoast SEO plugin. -->","yoast_head_json":{"title":"Desassossego - Tronco - Parabolia","robots":{"index":"index","follow":"follow","max-snippet":"max-snippet:-1","max-image-preview":"max-image-preview:large","max-video-preview":"max-video-preview:-1"},"canonical":"https:\/\/parabolia.net\/en\/tronco\/projetos-completos\/desassossego\/","og_locale":"en_GB","og_type":"article","og_title":"Desassossego - Tronco - Parabolia","og_description":"Desassossego Identidade Visual do espet\u00e1culo Desassossego, contemplado pela 7\u00aa Edi\u00e7\u00e3o do Programa Municipal de Fomento ao Circo para a cidade de S\u00e3o Paulo, do artista Alexandre Souza. | Acesse o instagram de Desassossego aqui. | Acesse o instagram de Alexandre Souza aqui. 2023 POSTER FLYERS DOSSI\u00ca (4 de 9 P\u00c1GINAS)","og_url":"https:\/\/parabolia.net\/en\/tronco\/projetos-completos\/desassossego\/","og_site_name":"Parabolia","article_modified_time":"2025-06-15T16:21:20+00:00","og_image":[{"url":"https:\/\/parabolia.net\/wp-content\/uploads\/2024\/02\/logo-desassossego02-1.png","type":"","width":"","height":""}],"twitter_card":"summary_large_image","schema":{"@context":"https:\/\/schema.org","@graph":[{"@type":"WebPage","@id":"https:\/\/parabolia.net\/en\/tronco\/projetos-completos\/desassossego\/","url":"https:\/\/parabolia.net\/en\/tronco\/projetos-completos\/desassossego\/","name":"Desassossego - Tronco - Parabolia","isPartOf":{"@id":"https:\/\/parabolia.net\/#website"},"primaryImageOfPage":{"@id":"https:\/\/parabolia.net\/en\/tronco\/projetos-completos\/desassossego\/#primaryimage"},"image":{"@id":"https:\/\/parabolia.net\/en\/tronco\/projetos-completos\/desassossego\/#primaryimage"},"thumbnailUrl":"https:\/\/parabolia.net\/wp-content\/uploads\/2024\/02\/logo-desassossego02-1.png","datePublished":"2024-02-16T17:47:45+00:00","dateModified":"2025-06-15T16:21:20+00:00","breadcrumb":{"@id":"https:\/\/parabolia.net\/en\/tronco\/projetos-completos\/desassossego\/#breadcrumb"},"inLanguage":"en-GB","potentialAction":[{"@type":"ReadAction","target":["https:\/\/parabolia.net\/en\/tronco\/projetos-completos\/desassossego\/"]}]},{"@type":"ImageObject","inLanguage":"en-GB","@id":"https:\/\/parabolia.net\/en\/tronco\/projetos-completos\/desassossego\/#primaryimage","url":"https:\/\/parabolia.net\/wp-content\/uploads\/2024\/02\/logo-desassossego02-1.png","contentUrl":"https:\/\/parabolia.net\/wp-content\/uploads\/2024\/02\/logo-desassossego02-1.png"},{"@type":"BreadcrumbList","@id":"https:\/\/parabolia.net\/en\/tronco\/projetos-completos\/desassossego\/#breadcrumb","itemListElement":[{"@type":"ListItem","position":1,"name":"Tronco","item":"https:\/\/parabolia.net\/tronco\/"},{"@type":"ListItem","position":2,"name":"Projetos Completos &#8211; Tronco","item":"https:\/\/parabolia.net\/en\/tronco\/projetos-completos\/"},{"@type":"ListItem","position":3,"name":"Desassossego &#8211; Tronco"}]},{"@type":"WebSite","@id":"https:\/\/parabolia.net\/#website","url":"https:\/\/parabolia.net\/","name":"Parabolia","description":"Connecting with independent culture!","publisher":{"@id":"https:\/\/parabolia.net\/#organization"},"potentialAction":[{"@type":"SearchAction","target":{"@type":"EntryPoint","urlTemplate":"https:\/\/parabolia.net\/?s={search_term_string}"},"query-input":{"@type":"PropertyValueSpecification","valueRequired":true,"valueName":"search_term_string"}}],"inLanguage":"en-GB"},{"@type":"Organization","@id":"https:\/\/parabolia.net\/#organization","name":"Parabolia","url":"https:\/\/parabolia.net\/","logo":{"@type":"ImageObject","inLanguage":"en-GB","@id":"https:\/\/parabolia.net\/#\/schema\/logo\/image\/","url":"https:\/\/parabolia.net\/wp-content\/uploads\/2024\/02\/logo-parabolia01.png","contentUrl":"https:\/\/parabolia.net\/wp-content\/uploads\/2024\/02\/logo-parabolia01.png","width":512,"height":512,"caption":"Parabolia"},"image":{"@id":"https:\/\/parabolia.net\/#\/schema\/logo\/image\/"},"sameAs":["https:\/\/www.instagram.com\/laparabolia\/"]}]}},"_links":{"self":[{"href":"https:\/\/parabolia.net\/en\/wp-json\/wp\/v2\/pages\/1919","targetHints":{"allow":["GET"]}}],"collection":[{"href":"https:\/\/parabolia.net\/en\/wp-json\/wp\/v2\/pages"}],"about":[{"href":"https:\/\/parabolia.net\/en\/wp-json\/wp\/v2\/types\/page"}],"author":[{"embeddable":true,"href":"https:\/\/parabolia.net\/en\/wp-json\/wp\/v2\/users\/2"}],"replies":[{"embeddable":true,"href":"https:\/\/parabolia.net\/en\/wp-json\/wp\/v2\/comments?post=1919"}],"version-history":[{"count":92,"href":"https:\/\/parabolia.net\/en\/wp-json\/wp\/v2\/pages\/1919\/revisions"}],"predecessor-version":[{"id":4095,"href":"https:\/\/parabolia.net\/en\/wp-json\/wp\/v2\/pages\/1919\/revisions\/4095"}],"up":[{"embeddable":true,"href":"https:\/\/parabolia.net\/en\/wp-json\/wp\/v2\/pages\/1863"}],"wp:attachment":[{"href":"https:\/\/parabolia.net\/en\/wp-json\/wp\/v2\/media?parent=1919"}],"curies":[{"name":"wp","href":"https:\/\/api.w.org\/{rel}","templated":true}]}}