{"id":2796,"date":"2024-02-24T09:28:34","date_gmt":"2024-02-24T12:28:34","guid":{"rendered":"https:\/\/parabolia.net\/?page_id=2796"},"modified":"2024-10-04T16:21:03","modified_gmt":"2024-10-04T19:21:03","slug":"entre-aulas","status":"publish","type":"page","link":"https:\/\/parabolia.net\/en\/rascasuelo\/nascien-ghazir\/entre-aulas\/","title":{"rendered":"Between Classes"},"content":{"rendered":"<div data-elementor-type=\"wp-page\" data-elementor-id=\"2796\" class=\"elementor elementor-2796\">\n\t\t\t\t<div class=\"elementor-element elementor-element-9dc4d71 e-flex e-con-boxed e-con e-parent\" data-id=\"9dc4d71\" data-element_type=\"container\" data-e-type=\"container\">\n\t\t\t\t\t<div class=\"e-con-inner\">\n\t\t\t\t<div class=\"elementor-element elementor-element-582566b elementor-widget elementor-widget-spacer\" data-id=\"582566b\" data-element_type=\"widget\" data-e-type=\"widget\" data-widget_type=\"spacer.default\">\n\t\t\t\t<div class=\"elementor-widget-container\">\n\t\t\t\t\t\t\t<div class=\"elementor-spacer\">\n\t\t\t<div class=\"elementor-spacer-inner\"><\/div>\n\t\t<\/div>\n\t\t\t\t\t\t<\/div>\n\t\t\t\t<\/div>\n\t\t\t\t\t<\/div>\n\t\t\t\t<\/div>\n\t\t<div class=\"elementor-element elementor-element-6ed259c e-flex e-con-boxed e-con e-parent\" data-id=\"6ed259c\" data-element_type=\"container\" data-e-type=\"container\">\n\t\t\t\t\t<div class=\"e-con-inner\">\n\t\t\t\t<div class=\"elementor-element elementor-element-9c5173d elementor-widget__width-initial elementor-widget elementor-widget-heading\" data-id=\"9c5173d\" data-element_type=\"widget\" data-e-type=\"widget\" data-widget_type=\"heading.default\">\n\t\t\t\t<div class=\"elementor-widget-container\">\n\t\t\t\t\t<h2 class=\"elementor-heading-title elementor-size-default\">Between Classes<\/h2>\t\t\t\t<\/div>\n\t\t\t\t<\/div>\n\t\t\t\t\t<\/div>\n\t\t\t\t<\/div>\n\t\t<div class=\"elementor-element elementor-element-64d9d12 e-flex e-con-boxed e-con e-parent\" data-id=\"64d9d12\" data-element_type=\"container\" data-e-type=\"container\">\n\t\t\t\t\t<div class=\"e-con-inner\">\n\t\t\t\t<div class=\"elementor-element elementor-element-6eba5c7 elementor-widget__width-initial elementor-widget-mobile__width-inherit elementor-widget elementor-widget-text-editor\" data-id=\"6eba5c7\" data-element_type=\"widget\" data-e-type=\"widget\" data-widget_type=\"text-editor.default\">\n\t\t\t\t<div class=\"elementor-widget-container\">\n\t\t\t\t\t\t\t\t\t<p style=\"text-align: center;\">Scribbles during seminars.<\/p><p style=\"text-align: center;\">2017<\/p><p>\u00a0<\/p><p style=\"text-align: center;\"><em>Texts written in Brazilian Portuguese.<\/em><\/p><p style=\"text-align: center;\"><em>The translations were made automatically so that other cultures could at least come close to the lyrical universe.<\/em><\/p>\t\t\t\t\t\t\t\t<\/div>\n\t\t\t\t<\/div>\n\t\t\t\t\t<\/div>\n\t\t\t\t<\/div>\n\t\t<div class=\"elementor-element elementor-element-c4a1216 e-flex e-con-boxed e-con e-parent\" data-id=\"c4a1216\" data-element_type=\"container\" data-e-type=\"container\">\n\t\t\t\t\t<div class=\"e-con-inner\">\n\t\t\t\t<div class=\"elementor-element elementor-element-000c113 elementor-widget-divider--view-line_text elementor-widget-divider--element-align-center elementor-widget elementor-widget-divider\" data-id=\"000c113\" data-element_type=\"widget\" data-e-type=\"widget\" data-widget_type=\"divider.default\">\n\t\t\t\t<div class=\"elementor-widget-container\">\n\t\t\t\t\t\t\t<div class=\"elementor-divider\">\n\t\t\t<span class=\"elementor-divider-separator\">\n\t\t\t\t\t\t<\/span>\n\t\t<\/div>\n\t\t\t\t\t\t<\/div>\n\t\t\t\t<\/div>\n\t\t\t\t\t<\/div>\n\t\t\t\t<\/div>\n\t\t<div class=\"elementor-element elementor-element-d8f19a9 e-flex e-con-boxed e-con e-parent\" data-id=\"d8f19a9\" data-element_type=\"container\" data-e-type=\"container\">\n\t\t\t\t\t<div class=\"e-con-inner\">\n\t\t\t\t<div class=\"elementor-element elementor-element-a9c3570 elementor-widget__width-initial elementor-widget-tablet__width-inherit elementor-widget elementor-widget-text-editor\" data-id=\"a9c3570\" data-element_type=\"widget\" data-e-type=\"widget\" data-widget_type=\"text-editor.default\">\n\t\t\t\t<div class=\"elementor-widget-container\">\n\t\t\t\t\t\t\t\t\t<p align=\"center\">Anthill<\/p><p align=\"center\">Destroyed homes<\/p><p align=\"center\">Swollen feet<\/p>\t\t\t\t\t\t\t\t<\/div>\n\t\t\t\t<\/div>\n\t\t\t\t\t<\/div>\n\t\t\t\t<\/div>\n\t\t<div class=\"elementor-element elementor-element-f044da7 e-flex e-con-boxed e-con e-parent\" data-id=\"f044da7\" data-element_type=\"container\" data-e-type=\"container\">\n\t\t\t\t\t<div class=\"e-con-inner\">\n\t\t\t\t<div class=\"elementor-element elementor-element-edb8dc4 elementor-widget-divider--view-line_text elementor-widget-divider--element-align-center elementor-widget elementor-widget-divider\" data-id=\"edb8dc4\" data-element_type=\"widget\" data-e-type=\"widget\" data-widget_type=\"divider.default\">\n\t\t\t\t<div class=\"elementor-widget-container\">\n\t\t\t\t\t\t\t<div class=\"elementor-divider\">\n\t\t\t<span class=\"elementor-divider-separator\">\n\t\t\t\t\t\t<\/span>\n\t\t<\/div>\n\t\t\t\t\t\t<\/div>\n\t\t\t\t<\/div>\n\t\t\t\t\t<\/div>\n\t\t\t\t<\/div>\n\t\t<div class=\"elementor-element elementor-element-da3a5f7 e-flex e-con-boxed e-con e-parent\" data-id=\"da3a5f7\" data-element_type=\"container\" data-e-type=\"container\">\n\t\t\t\t\t<div class=\"e-con-inner\">\n\t\t\t\t<div class=\"elementor-element elementor-element-239cf8f elementor-widget__width-initial elementor-widget-tablet__width-inherit elementor-widget elementor-widget-text-editor\" data-id=\"239cf8f\" data-element_type=\"widget\" data-e-type=\"widget\" data-widget_type=\"text-editor.default\">\n\t\t\t\t<div class=\"elementor-widget-container\">\n\t\t\t\t\t\t\t\t\t<p align=\"center\">Full room: academy of sleepy dreamers. After all, isn't it from them that we produce the guiding thread of ourselves? This tiredness that attacked me seems to be from a flea. A flea that could be free and therefore not seek lodging in me, but it rang the doorbell... I couldn't help but answer. Now in this room full of dreamers, the sleepiness of tiredness makes me write so as not to sleep. My face is marked, in both senses. I still maintain conventions... I shouldn't! I want to exhaust the pages of the notebook with words of sleep, but then I would already have a poetic anthology. No problem. But the flea still itches me and, consequently, I get sleepy, dream more and end up wanting to sleep in the middle of so many dreamers. Don't sleep! Convention demands it. If I opened the door to the flea, should I not open it to the convention? It has such a beautiful name... Dreaming with sleep, dreaming with sleep, dreaming consumes, dreaming in accordance, dreaming with form, dreaming comforts, dreaming comforts. Full room.<\/p>\t\t\t\t\t\t\t\t<\/div>\n\t\t\t\t<\/div>\n\t\t\t\t\t<\/div>\n\t\t\t\t<\/div>\n\t\t<div class=\"elementor-element elementor-element-5c46cb6 e-flex e-con-boxed e-con e-parent\" data-id=\"5c46cb6\" data-element_type=\"container\" data-e-type=\"container\">\n\t\t\t\t\t<div class=\"e-con-inner\">\n\t\t\t\t<div class=\"elementor-element elementor-element-ee12993 elementor-widget-divider--view-line_text elementor-widget-divider--element-align-center elementor-widget elementor-widget-divider\" data-id=\"ee12993\" data-element_type=\"widget\" data-e-type=\"widget\" data-widget_type=\"divider.default\">\n\t\t\t\t<div class=\"elementor-widget-container\">\n\t\t\t\t\t\t\t<div class=\"elementor-divider\">\n\t\t\t<span class=\"elementor-divider-separator\">\n\t\t\t\t\t\t<\/span>\n\t\t<\/div>\n\t\t\t\t\t\t<\/div>\n\t\t\t\t<\/div>\n\t\t\t\t\t<\/div>\n\t\t\t\t<\/div>\n\t\t<div class=\"elementor-element elementor-element-3d8760d e-flex e-con-boxed e-con e-parent\" data-id=\"3d8760d\" data-element_type=\"container\" data-e-type=\"container\">\n\t\t\t\t\t<div class=\"e-con-inner\">\n\t\t\t\t<div class=\"elementor-element elementor-element-3bc80b2 elementor-widget__width-initial elementor-widget-tablet__width-inherit elementor-widget elementor-widget-text-editor\" data-id=\"3bc80b2\" data-element_type=\"widget\" data-e-type=\"widget\" data-widget_type=\"text-editor.default\">\n\t\t\t\t<div class=\"elementor-widget-container\">\n\t\t\t\t\t\t\t\t\t<p align=\"center\">Disillusionment with everything that accompanies the famous bureaucratic production of knowledge. I don't know if it's a hippie, but if it is, that's fine too. Traveling without much idea of \u200b\u200bthe route or where to sleep must be a great college. It's not at all complaining to say that the gym is no good, but what's the point? Five days with my eyes immersed in other looks of kilometers of step-by-step adventure passport. Glimpses of the outfit that can accompany me on the road to the rest of life. The school opens some very important doors, but a large part of its house has mold and leaks that constantly intoxicate me. I'm already in, I celebrated when I got in and I need to leave with honors too. The patience I think I have can't stand dining here for long, especially since there's no proper dinner. If there's no dinner, the table is empty and there aren't many exchanges of glances. The seductive production of knowledge doesn't exist. Unlike the bureaucratic one. Thank goodness, during breaks I know a few other free spirits who constantly do this delicate work of questioning themselves about what they do with their time. It turns into a circle of melancholy. Funny. Quite rebellious. I miss those eyebrows. The look in my eyes deepened. The train of thought sank, including this outburst. Enough\u2026 It\u2019s time to get ready to leave. I don\u2019t know exactly which bus to take to where I\u2019m going, and I don\u2019t even know if it exists. The glittery looks might help me. It won\u2019t work. Good thing.<\/p>\t\t\t\t\t\t\t\t<\/div>\n\t\t\t\t<\/div>\n\t\t\t\t\t<\/div>\n\t\t\t\t<\/div>\n\t\t<div class=\"elementor-element elementor-element-a9e71ec e-flex e-con-boxed e-con e-parent\" data-id=\"a9e71ec\" data-element_type=\"container\" data-e-type=\"container\">\n\t\t\t\t\t<div class=\"e-con-inner\">\n\t\t\t\t<div class=\"elementor-element elementor-element-d67082f elementor-widget-divider--view-line_text elementor-widget-divider--element-align-center elementor-widget elementor-widget-divider\" data-id=\"d67082f\" data-element_type=\"widget\" data-e-type=\"widget\" data-widget_type=\"divider.default\">\n\t\t\t\t<div class=\"elementor-widget-container\">\n\t\t\t\t\t\t\t<div class=\"elementor-divider\">\n\t\t\t<span class=\"elementor-divider-separator\">\n\t\t\t\t\t\t<\/span>\n\t\t<\/div>\n\t\t\t\t\t\t<\/div>\n\t\t\t\t<\/div>\n\t\t\t\t\t<\/div>\n\t\t\t\t<\/div>\n\t\t<div class=\"elementor-element elementor-element-a291dd3 e-flex e-con-boxed e-con e-parent\" data-id=\"a291dd3\" data-element_type=\"container\" data-e-type=\"container\">\n\t\t\t\t\t<div class=\"e-con-inner\">\n\t\t\t\t<div class=\"elementor-element elementor-element-fe212de elementor-widget__width-initial elementor-widget-tablet__width-inherit elementor-widget elementor-widget-text-editor\" data-id=\"fe212de\" data-element_type=\"widget\" data-e-type=\"widget\" data-widget_type=\"text-editor.default\">\n\t\t\t\t<div class=\"elementor-widget-container\">\n\t\t\t\t\t\t\t\t\t<p align=\"center\"><a name=\"_GoBack\"><\/a>Ah, those deep gazes... when they looked at me they were contemplating the stars, at the same time. Another city. Every now and then a bag of popcorn would hover over my hands. A moment when friendships went up another notch. In fact, popcorn is incredible. A link to many situations. Even breakups. I wonder if they treat us as if we were corn. They boil us and cover the pot so we don't jump out. Then, we already know. Swallowed. In a link to many situations. Circus.<\/p>\t\t\t\t\t\t\t\t<\/div>\n\t\t\t\t<\/div>\n\t\t\t\t\t<\/div>\n\t\t\t\t<\/div>\n\t\t<div class=\"elementor-element elementor-element-cc4402a e-flex e-con-boxed e-con e-parent\" data-id=\"cc4402a\" data-element_type=\"container\" data-e-type=\"container\">\n\t\t\t\t\t<div class=\"e-con-inner\">\n\t\t\t\t<div class=\"elementor-element elementor-element-ead33b4 elementor-widget-divider--view-line_text elementor-widget-divider--element-align-center elementor-widget elementor-widget-divider\" data-id=\"ead33b4\" data-element_type=\"widget\" data-e-type=\"widget\" data-widget_type=\"divider.default\">\n\t\t\t\t<div class=\"elementor-widget-container\">\n\t\t\t\t\t\t\t<div class=\"elementor-divider\">\n\t\t\t<span class=\"elementor-divider-separator\">\n\t\t\t\t\t\t<\/span>\n\t\t<\/div>\n\t\t\t\t\t\t<\/div>\n\t\t\t\t<\/div>\n\t\t\t\t\t<\/div>\n\t\t\t\t<\/div>\n\t\t<div class=\"elementor-element elementor-element-1d64b3e e-flex e-con-boxed e-con e-parent\" data-id=\"1d64b3e\" data-element_type=\"container\" data-e-type=\"container\">\n\t\t\t\t\t<div class=\"e-con-inner\">\n\t\t\t\t<div class=\"elementor-element elementor-element-b5b9ec5 elementor-widget__width-initial elementor-widget-tablet__width-inherit elementor-widget elementor-widget-text-editor\" data-id=\"b5b9ec5\" data-element_type=\"widget\" data-e-type=\"widget\" data-widget_type=\"text-editor.default\">\n\t\t\t\t<div class=\"elementor-widget-container\">\n\t\t\t\t\t\t\t\t\t<p align=\"center\"><a name=\"_GoBack\"><\/a>It yearns for age. From polished stone, clay softens. Touching clay demands care. It demands risk. It takes time for its phase to change. It whispers calm. Calm. Calm. Anxiety. Age. Disorienting the entire cerebral complex. Suffering the day before. Typical of being. Human. Standing on a park bench, sitting on the back, slowly watching the wooden spoon stirring the sugar and the peanuts, exhaling a smell that instigates the stomach and the conscience to think about the life of a street vendor. I tripped on the sidewalk when I saw myself lamenting what could still go wrong. I cry with longing for what I did not experience. Longing hurts when you love. Your knee hurts when you are alive. The blood runs part of you. The ceramic is part of you. From the compound of thousands of years of reorganization of the earth, clay is generated. It whispers calm. With each passing second, nature manifests itself to pacify its conflicts. We do not heed the whispers. Break down the walls of the rooms! Anxiety.<\/p>\t\t\t\t\t\t\t\t<\/div>\n\t\t\t\t<\/div>\n\t\t\t\t\t<\/div>\n\t\t\t\t<\/div>\n\t\t<div class=\"elementor-element elementor-element-1b6342a e-flex e-con-boxed e-con e-parent\" data-id=\"1b6342a\" data-element_type=\"container\" data-e-type=\"container\">\n\t\t\t\t\t<div class=\"e-con-inner\">\n\t\t\t\t<div class=\"elementor-element elementor-element-6ab987b elementor-widget-divider--view-line_text elementor-widget-divider--element-align-center elementor-widget elementor-widget-divider\" data-id=\"6ab987b\" data-element_type=\"widget\" data-e-type=\"widget\" data-widget_type=\"divider.default\">\n\t\t\t\t<div class=\"elementor-widget-container\">\n\t\t\t\t\t\t\t<div class=\"elementor-divider\">\n\t\t\t<span class=\"elementor-divider-separator\">\n\t\t\t\t\t\t<\/span>\n\t\t<\/div>\n\t\t\t\t\t\t<\/div>\n\t\t\t\t<\/div>\n\t\t\t\t\t<\/div>\n\t\t\t\t<\/div>\n\t\t<div class=\"elementor-element elementor-element-7799d1a e-flex e-con-boxed e-con e-parent\" data-id=\"7799d1a\" data-element_type=\"container\" data-e-type=\"container\">\n\t\t\t\t\t<div class=\"e-con-inner\">\n\t\t\t\t<div class=\"elementor-element elementor-element-b5b2cb8 elementor-widget__width-initial elementor-widget-tablet__width-inherit elementor-widget elementor-widget-text-editor\" data-id=\"b5b2cb8\" data-element_type=\"widget\" data-e-type=\"widget\" data-widget_type=\"text-editor.default\">\n\t\t\t\t<div class=\"elementor-widget-container\">\n\t\t\t\t\t\t\t\t\t<p align=\"center\">I made a bet with my iris. Would she be able to stage the seas? I woke up in a mix of tidal moods. Awakening from the depths of the waters and floating on the surface of the turbulence of its paths. I was surprised by her counter-bet. Taking over the rest of the crabs.<\/p>\t\t\t\t\t\t\t\t<\/div>\n\t\t\t\t<\/div>\n\t\t\t\t\t<\/div>\n\t\t\t\t<\/div>\n\t\t<div class=\"elementor-element elementor-element-27c5845 e-flex e-con-boxed e-con e-parent\" data-id=\"27c5845\" data-element_type=\"container\" data-e-type=\"container\">\n\t\t\t\t\t<div class=\"e-con-inner\">\n\t\t\t\t<div class=\"elementor-element elementor-element-a9ac013 elementor-widget-divider--view-line_text elementor-widget-divider--element-align-center elementor-widget elementor-widget-divider\" data-id=\"a9ac013\" data-element_type=\"widget\" data-e-type=\"widget\" data-widget_type=\"divider.default\">\n\t\t\t\t<div class=\"elementor-widget-container\">\n\t\t\t\t\t\t\t<div class=\"elementor-divider\">\n\t\t\t<span class=\"elementor-divider-separator\">\n\t\t\t\t\t\t<\/span>\n\t\t<\/div>\n\t\t\t\t\t\t<\/div>\n\t\t\t\t<\/div>\n\t\t\t\t\t<\/div>\n\t\t\t\t<\/div>\n\t\t<div class=\"elementor-element elementor-element-9193927 e-flex e-con-boxed e-con e-parent\" data-id=\"9193927\" data-element_type=\"container\" data-e-type=\"container\">\n\t\t\t\t\t<div class=\"e-con-inner\">\n\t\t\t\t<div class=\"elementor-element elementor-element-6c555d8 elementor-widget__width-initial elementor-widget-tablet__width-inherit elementor-widget elementor-widget-text-editor\" data-id=\"6c555d8\" data-element_type=\"widget\" data-e-type=\"widget\" data-widget_type=\"text-editor.default\">\n\t\t\t\t<div class=\"elementor-widget-container\">\n\t\t\t\t\t\t\t\t\t<p align=\"center\">I acknowledge death<\/p><p align=\"center\">Life is strange<\/p><p align=\"center\">From the cold-blooded sneeze there goes the last breath<\/p><p align=\"center\">Health to death<\/p><p align=\"center\">Goodbye to life<\/p><p align=\"center\">Pierce your ego with the shards of this chalice of sorrows<\/p><p align=\"center\">Suicide capital trends<\/p><p align=\"center\">Cheers to life<\/p><p align=\"center\">Longing for death<\/p><p align=\"center\">How many times I hugged you in the warring streets<\/p><p align=\"center\">Fearing to be life<\/p><p align=\"center\">Relieved to be death<\/p><p align=\"center\">Being alive requires contact<\/p><p align=\"center\">Requires touch<\/p><p align=\"center\">Avoid friction<\/p><p align=\"center\">But you can't<\/p><p align=\"center\">Slip into the distressing stage of failure to live out of order<\/p><p align=\"center\">Searching for water that satisfies this thirst to exist until seeing the last of all kings be dethroned<\/p><p align=\"center\">Screaming for life<\/p><p align=\"center\"><a name=\"_GoBack\"><\/a> Living with death every night<\/p>\t\t\t\t\t\t\t\t<\/div>\n\t\t\t\t<\/div>\n\t\t\t\t\t<\/div>\n\t\t\t\t<\/div>\n\t\t\t\t<\/div>","protected":false},"excerpt":{"rendered":"<p>Entre Aulas Rabisco durante semin\u00e1rios. 2017 \u00a0 Textos escritos em Portugu\u00eas do Brasil. As tradu\u00e7\u00f5es foram feitas automaticamente para outras culturas ao menos aproximarem-se do universo l\u00edrico. Formigueiro Lares destru\u00eddos P\u00e9s inchados Sala cheia: academia de sonhadores com sono. Afinal n\u00e3o \u00e9 dele que produzimos o fio condutor de n\u00f3s mesmos? Esse cansa\u00e7o que me [&hellip;]<\/p>\n","protected":false},"author":2,"featured_media":0,"parent":2788,"menu_order":0,"comment_status":"closed","ping_status":"closed","template":"elementor_header_footer","meta":{"footnotes":""},"class_list":["post-2796","page","type-page","status-publish","hentry"],"yoast_head":"<!-- This site is optimized with the Yoast SEO plugin v27.4 - https:\/\/yoast.com\/product\/yoast-seo-wordpress\/ -->\n<title>Entre Aulas - Parabolia<\/title>\n<meta name=\"robots\" content=\"index, follow, max-snippet:-1, max-image-preview:large, max-video-preview:-1\" \/>\n<link rel=\"canonical\" href=\"https:\/\/parabolia.net\/en\/rascasuelo\/nascien-ghazir\/entre-aulas\/\" \/>\n<meta property=\"og:locale\" content=\"en_GB\" \/>\n<meta property=\"og:type\" content=\"article\" \/>\n<meta property=\"og:title\" content=\"Entre Aulas - Parabolia\" \/>\n<meta property=\"og:description\" content=\"Entre Aulas Rabisco durante semin\u00e1rios. 2017 \u00a0 Textos escritos em Portugu\u00eas do Brasil. As tradu\u00e7\u00f5es foram feitas automaticamente para outras culturas ao menos aproximarem-se do universo l\u00edrico. Formigueiro Lares destru\u00eddos P\u00e9s inchados Sala cheia: academia de sonhadores com sono. Afinal n\u00e3o \u00e9 dele que produzimos o fio condutor de n\u00f3s mesmos? Esse cansa\u00e7o que me [&hellip;]\" \/>\n<meta property=\"og:url\" content=\"https:\/\/parabolia.net\/en\/rascasuelo\/nascien-ghazir\/entre-aulas\/\" \/>\n<meta property=\"og:site_name\" content=\"Parabolia\" \/>\n<meta property=\"article:modified_time\" content=\"2024-10-04T19:21:03+00:00\" \/>\n<meta name=\"twitter:card\" content=\"summary_large_image\" \/>\n<meta name=\"twitter:label1\" content=\"Estimated reading time\" \/>\n\t<meta name=\"twitter:data1\" content=\"5 minutes\" \/>\n<script type=\"application\/ld+json\" class=\"yoast-schema-graph\">{\"@context\":\"https:\\\/\\\/schema.org\",\"@graph\":[{\"@type\":\"WebPage\",\"@id\":\"https:\\\/\\\/parabolia.net\\\/rascasuelo\\\/nascien-ghazir\\\/entre-aulas\\\/\",\"url\":\"https:\\\/\\\/parabolia.net\\\/rascasuelo\\\/nascien-ghazir\\\/entre-aulas\\\/\",\"name\":\"Entre Aulas - Parabolia\",\"isPartOf\":{\"@id\":\"https:\\\/\\\/parabolia.net\\\/#website\"},\"datePublished\":\"2024-02-24T12:28:34+00:00\",\"dateModified\":\"2024-10-04T19:21:03+00:00\",\"breadcrumb\":{\"@id\":\"https:\\\/\\\/parabolia.net\\\/rascasuelo\\\/nascien-ghazir\\\/entre-aulas\\\/#breadcrumb\"},\"inLanguage\":\"en-GB\",\"potentialAction\":[{\"@type\":\"ReadAction\",\"target\":[\"https:\\\/\\\/parabolia.net\\\/rascasuelo\\\/nascien-ghazir\\\/entre-aulas\\\/\"]}]},{\"@type\":\"BreadcrumbList\",\"@id\":\"https:\\\/\\\/parabolia.net\\\/rascasuelo\\\/nascien-ghazir\\\/entre-aulas\\\/#breadcrumb\",\"itemListElement\":[{\"@type\":\"ListItem\",\"position\":1,\"name\":\"Rascasuelo\",\"item\":\"https:\\\/\\\/parabolia.net\\\/rascasuelo\\\/\"},{\"@type\":\"ListItem\",\"position\":2,\"name\":\"Nascien Ghazir\",\"item\":\"https:\\\/\\\/parabolia.net\\\/rascasuelo\\\/nascien-ghazir\\\/\"},{\"@type\":\"ListItem\",\"position\":3,\"name\":\"Entre Aulas\"}]},{\"@type\":\"WebSite\",\"@id\":\"https:\\\/\\\/parabolia.net\\\/#website\",\"url\":\"https:\\\/\\\/parabolia.net\\\/\",\"name\":\"Parabolia\",\"description\":\"Antenando com a cultura independente!\",\"publisher\":{\"@id\":\"https:\\\/\\\/parabolia.net\\\/#organization\"},\"potentialAction\":[{\"@type\":\"SearchAction\",\"target\":{\"@type\":\"EntryPoint\",\"urlTemplate\":\"https:\\\/\\\/parabolia.net\\\/?s={search_term_string}\"},\"query-input\":{\"@type\":\"PropertyValueSpecification\",\"valueRequired\":true,\"valueName\":\"search_term_string\"}}],\"inLanguage\":\"en-GB\"},{\"@type\":\"Organization\",\"@id\":\"https:\\\/\\\/parabolia.net\\\/#organization\",\"name\":\"Parabolia\",\"url\":\"https:\\\/\\\/parabolia.net\\\/\",\"logo\":{\"@type\":\"ImageObject\",\"inLanguage\":\"en-GB\",\"@id\":\"https:\\\/\\\/parabolia.net\\\/#\\\/schema\\\/logo\\\/image\\\/\",\"url\":\"https:\\\/\\\/parabolia.net\\\/wp-content\\\/uploads\\\/2024\\\/02\\\/logo-parabolia01.png\",\"contentUrl\":\"https:\\\/\\\/parabolia.net\\\/wp-content\\\/uploads\\\/2024\\\/02\\\/logo-parabolia01.png\",\"width\":512,\"height\":512,\"caption\":\"Parabolia\"},\"image\":{\"@id\":\"https:\\\/\\\/parabolia.net\\\/#\\\/schema\\\/logo\\\/image\\\/\"},\"sameAs\":[\"https:\\\/\\\/www.instagram.com\\\/laparabolia\\\/\"]}]}<\/script>\n<!-- \/ Yoast SEO plugin. -->","yoast_head_json":{"title":"Entre Aulas - Parabolia","robots":{"index":"index","follow":"follow","max-snippet":"max-snippet:-1","max-image-preview":"max-image-preview:large","max-video-preview":"max-video-preview:-1"},"canonical":"https:\/\/parabolia.net\/en\/rascasuelo\/nascien-ghazir\/entre-aulas\/","og_locale":"en_GB","og_type":"article","og_title":"Entre Aulas - Parabolia","og_description":"Entre Aulas Rabisco durante semin\u00e1rios. 2017 \u00a0 Textos escritos em Portugu\u00eas do Brasil. As tradu\u00e7\u00f5es foram feitas automaticamente para outras culturas ao menos aproximarem-se do universo l\u00edrico. Formigueiro Lares destru\u00eddos P\u00e9s inchados Sala cheia: academia de sonhadores com sono. Afinal n\u00e3o \u00e9 dele que produzimos o fio condutor de n\u00f3s mesmos? Esse cansa\u00e7o que me [&hellip;]","og_url":"https:\/\/parabolia.net\/en\/rascasuelo\/nascien-ghazir\/entre-aulas\/","og_site_name":"Parabolia","article_modified_time":"2024-10-04T19:21:03+00:00","twitter_card":"summary_large_image","twitter_misc":{"Estimated reading time":"5 minutes"},"schema":{"@context":"https:\/\/schema.org","@graph":[{"@type":"WebPage","@id":"https:\/\/parabolia.net\/rascasuelo\/nascien-ghazir\/entre-aulas\/","url":"https:\/\/parabolia.net\/rascasuelo\/nascien-ghazir\/entre-aulas\/","name":"Entre Aulas - Parabolia","isPartOf":{"@id":"https:\/\/parabolia.net\/#website"},"datePublished":"2024-02-24T12:28:34+00:00","dateModified":"2024-10-04T19:21:03+00:00","breadcrumb":{"@id":"https:\/\/parabolia.net\/rascasuelo\/nascien-ghazir\/entre-aulas\/#breadcrumb"},"inLanguage":"en-GB","potentialAction":[{"@type":"ReadAction","target":["https:\/\/parabolia.net\/rascasuelo\/nascien-ghazir\/entre-aulas\/"]}]},{"@type":"BreadcrumbList","@id":"https:\/\/parabolia.net\/rascasuelo\/nascien-ghazir\/entre-aulas\/#breadcrumb","itemListElement":[{"@type":"ListItem","position":1,"name":"Rascasuelo","item":"https:\/\/parabolia.net\/rascasuelo\/"},{"@type":"ListItem","position":2,"name":"Nascien Ghazir","item":"https:\/\/parabolia.net\/rascasuelo\/nascien-ghazir\/"},{"@type":"ListItem","position":3,"name":"Entre Aulas"}]},{"@type":"WebSite","@id":"https:\/\/parabolia.net\/#website","url":"https:\/\/parabolia.net\/","name":"Parabolia","description":"Connecting with independent culture!","publisher":{"@id":"https:\/\/parabolia.net\/#organization"},"potentialAction":[{"@type":"SearchAction","target":{"@type":"EntryPoint","urlTemplate":"https:\/\/parabolia.net\/?s={search_term_string}"},"query-input":{"@type":"PropertyValueSpecification","valueRequired":true,"valueName":"search_term_string"}}],"inLanguage":"en-GB"},{"@type":"Organization","@id":"https:\/\/parabolia.net\/#organization","name":"Parabolia","url":"https:\/\/parabolia.net\/","logo":{"@type":"ImageObject","inLanguage":"en-GB","@id":"https:\/\/parabolia.net\/#\/schema\/logo\/image\/","url":"https:\/\/parabolia.net\/wp-content\/uploads\/2024\/02\/logo-parabolia01.png","contentUrl":"https:\/\/parabolia.net\/wp-content\/uploads\/2024\/02\/logo-parabolia01.png","width":512,"height":512,"caption":"Parabolia"},"image":{"@id":"https:\/\/parabolia.net\/#\/schema\/logo\/image\/"},"sameAs":["https:\/\/www.instagram.com\/laparabolia\/"]}]}},"_links":{"self":[{"href":"https:\/\/parabolia.net\/en\/wp-json\/wp\/v2\/pages\/2796","targetHints":{"allow":["GET"]}}],"collection":[{"href":"https:\/\/parabolia.net\/en\/wp-json\/wp\/v2\/pages"}],"about":[{"href":"https:\/\/parabolia.net\/en\/wp-json\/wp\/v2\/types\/page"}],"author":[{"embeddable":true,"href":"https:\/\/parabolia.net\/en\/wp-json\/wp\/v2\/users\/2"}],"replies":[{"embeddable":true,"href":"https:\/\/parabolia.net\/en\/wp-json\/wp\/v2\/comments?post=2796"}],"version-history":[{"count":35,"href":"https:\/\/parabolia.net\/en\/wp-json\/wp\/v2\/pages\/2796\/revisions"}],"predecessor-version":[{"id":4289,"href":"https:\/\/parabolia.net\/en\/wp-json\/wp\/v2\/pages\/2796\/revisions\/4289"}],"up":[{"embeddable":true,"href":"https:\/\/parabolia.net\/en\/wp-json\/wp\/v2\/pages\/2788"}],"wp:attachment":[{"href":"https:\/\/parabolia.net\/en\/wp-json\/wp\/v2\/media?parent=2796"}],"curies":[{"name":"wp","href":"https:\/\/api.w.org\/{rel}","templated":true}]}}