{"id":792,"date":"2024-01-30T12:30:34","date_gmt":"2024-01-30T15:30:34","guid":{"rendered":"https:\/\/parabolia.net\/?page_id=792"},"modified":"2025-09-30T16:24:27","modified_gmt":"2025-09-30T19:24:27","slug":"calu-ost","status":"publish","type":"page","link":"https:\/\/parabolia.net\/en\/calu-ost\/","title":{"rendered":"Calu &amp; OST"},"content":{"rendered":"<div data-elementor-type=\"wp-page\" data-elementor-id=\"792\" class=\"elementor elementor-792\">\n\t\t\t\t<div class=\"elementor-element elementor-element-4ed2046 e-flex e-con-boxed e-con e-parent\" data-id=\"4ed2046\" data-element_type=\"container\" data-e-type=\"container\">\n\t\t\t\t\t<div class=\"e-con-inner\">\n\t\t\t\t<div class=\"elementor-element elementor-element-b37bc19 elementor-widget elementor-widget-spacer\" data-id=\"b37bc19\" data-element_type=\"widget\" data-e-type=\"widget\" data-widget_type=\"spacer.default\">\n\t\t\t\t<div class=\"elementor-widget-container\">\n\t\t\t\t\t\t\t<div class=\"elementor-spacer\">\n\t\t\t<div class=\"elementor-spacer-inner\"><\/div>\n\t\t<\/div>\n\t\t\t\t\t\t<\/div>\n\t\t\t\t<\/div>\n\t\t\t\t\t<\/div>\n\t\t\t\t<\/div>\n\t\t<div class=\"elementor-element elementor-element-e4168af e-flex e-con-boxed e-con e-parent\" data-id=\"e4168af\" data-element_type=\"container\" data-e-type=\"container\">\n\t\t\t\t\t<div class=\"e-con-inner\">\n\t\t\t\t<div class=\"elementor-element elementor-element-10250a9 elementor-widget__width-initial elementor-widget-mobile__width-initial elementor-widget elementor-widget-video\" data-id=\"10250a9\" data-element_type=\"widget\" data-e-type=\"widget\" data-settings=\"{&quot;video_type&quot;:&quot;hosted&quot;,&quot;autoplay&quot;:&quot;yes&quot;,&quot;play_on_mobile&quot;:&quot;yes&quot;,&quot;mute&quot;:&quot;yes&quot;,&quot;loop&quot;:&quot;yes&quot;}\" data-widget_type=\"video.default\">\n\t\t\t\t<div class=\"elementor-widget-container\">\n\t\t\t\t\t\t\t<div class=\"e-hosted-video elementor-wrapper elementor-open-inline\">\n\t\t\t\t\t<video class=\"elementor-video\" src=\"https:\/\/parabolia.net\/wp-content\/uploads\/2024\/02\/video-logo-caluost.mp4\" autoplay=\"\" loop=\"\" muted=\"muted\" playsinline=\"\" controlslist=\"nodownload\" poster=\"https:\/\/parabolia.net\/wp-content\/uploads\/2024\/02\/capa-video-caluost.png\"><\/video>\n\t\t\t\t<\/div>\n\t\t\t\t\t\t<\/div>\n\t\t\t\t<\/div>\n\t\t\t\t\t<\/div>\n\t\t\t\t<\/div>\n\t\t<div class=\"elementor-element elementor-element-39ec7ee e-flex e-con-boxed e-con e-parent\" data-id=\"39ec7ee\" data-element_type=\"container\" data-e-type=\"container\">\n\t\t\t\t\t<div class=\"e-con-inner\">\n\t\t\t\t<div class=\"elementor-element elementor-element-d6f3abf elementor-widget__width-initial elementor-widget elementor-widget-heading\" data-id=\"d6f3abf\" data-element_type=\"widget\" data-e-type=\"widget\" data-widget_type=\"heading.default\">\n\t\t\t\t<div class=\"elementor-widget-container\">\n\t\t\t\t\t<h2 class=\"elementor-heading-title elementor-size-default\">Calu &amp; Orquesta Sin Territorio<\/h2>\t\t\t\t<\/div>\n\t\t\t\t<\/div>\n\t\t\t\t\t<\/div>\n\t\t\t\t<\/div>\n\t\t<div class=\"elementor-element elementor-element-d6e490f e-flex e-con-boxed e-con e-parent\" data-id=\"d6e490f\" data-element_type=\"container\" data-e-type=\"container\">\n\t\t\t\t\t<div class=\"e-con-inner\">\n\t\t\t\t<div class=\"elementor-element elementor-element-a6bd284 elementor-widget__width-initial elementor-widget-mobile__width-initial elementor-widget elementor-widget-text-editor\" data-id=\"a6bd284\" data-element_type=\"widget\" data-e-type=\"widget\" data-widget_type=\"text-editor.default\">\n\t\t\t\t<div class=\"elementor-widget-container\">\n\t\t\t\t\t\t\t\t\t<p style=\"text-align: center;\">Sounds for anguish put on stage. Sounding fiction from reality incarnated with flowers and punches. From memory to projection.<\/p>\t\t\t\t\t\t\t\t<\/div>\n\t\t\t\t<\/div>\n\t\t\t\t\t<\/div>\n\t\t\t\t<\/div>\n\t\t<div class=\"elementor-element elementor-element-edc217b e-flex e-con-boxed e-con e-parent\" data-id=\"edc217b\" data-element_type=\"container\" data-e-type=\"container\">\n\t\t\t\t\t<div class=\"e-con-inner\">\n\t\t\t\t<div class=\"elementor-element elementor-element-52ce2f1 elementor-widget-divider--view-line_text elementor-widget-divider--element-align-center elementor-widget elementor-widget-divider\" data-id=\"52ce2f1\" data-element_type=\"widget\" data-e-type=\"widget\" data-widget_type=\"divider.default\">\n\t\t\t\t<div class=\"elementor-widget-container\">\n\t\t\t\t\t\t\t<div class=\"elementor-divider\">\n\t\t\t<span class=\"elementor-divider-separator\">\n\t\t\t\t\t\t\t<span class=\"elementor-divider__text elementor-divider__element\">\n\t\t\t\tSOUNDTRACKS\t\t\t\t<\/span>\n\t\t\t\t\t\t<\/span>\n\t\t<\/div>\n\t\t\t\t\t\t<\/div>\n\t\t\t\t<\/div>\n\t\t\t\t\t<\/div>\n\t\t\t\t<\/div>\n\t\t<div class=\"elementor-element elementor-element-87afe15 e-flex e-con-boxed e-con e-parent\" data-id=\"87afe15\" data-element_type=\"container\" data-e-type=\"container\">\n\t\t\t\t\t<div class=\"e-con-inner\">\n\t\t<div class=\"elementor-element elementor-element-44ec951 e-con-full e-flex e-con e-child\" data-id=\"44ec951\" data-element_type=\"container\" data-e-type=\"container\">\n\t\t<div class=\"elementor-element elementor-element-998ee4b e-con-full e-flex e-con e-child\" data-id=\"998ee4b\" data-element_type=\"container\" data-e-type=\"container\">\n\t\t\t\t<div class=\"elementor-element elementor-element-c5ca263 elementor-widget elementor-widget-heading\" data-id=\"c5ca263\" data-element_type=\"widget\" data-e-type=\"widget\" data-widget_type=\"heading.default\">\n\t\t\t\t<div class=\"elementor-widget-container\">\n\t\t\t\t\t<h2 class=\"elementor-heading-title elementor-size-default\">VIVO EN UNA OBRA<\/h2>\t\t\t\t<\/div>\n\t\t\t\t<\/div>\n\t\t\t\t<\/div>\n\t\t<div class=\"elementor-element elementor-element-ad21c5e e-con-full e-flex e-con e-child\" data-id=\"ad21c5e\" data-element_type=\"container\" data-e-type=\"container\">\n\t\t\t\t<div class=\"elementor-element elementor-element-6d955c0 elementor-widget__width-initial elementor-widget elementor-widget-text-editor\" data-id=\"6d955c0\" data-element_type=\"widget\" data-e-type=\"widget\" data-widget_type=\"text-editor.default\">\n\t\t\t\t<div class=\"elementor-widget-container\">\n\t\t\t\t\t\t\t\t\t<p style=\"text-align: left;\" class=\"translation-block\">Two tracks to compose the soundtrack of the dance show <em>Vivo En Una Obra<\/em> directed by the dancer and choreographer\u00a0<strong>Antonela Pereyra<\/strong>.<\/p><p style=\"text-align: left;\" class=\"translation-block\">Made in home studio between Rosario, Argentina and S\u00e3o Paulo, Brazil.<\/p><p style=\"text-align: left;\" class=\"translation-block\">| Visit the <b>Vivo En Una Obra<\/b> Instagram <a href=\"https:\/\/www.instagram.com\/vivoenunaobra\/\" target=\"_blank\" rel=\"noopener\">here<\/a>.<\/p><p style=\"text-align: left;\">2024<\/p>\t\t\t\t\t\t\t\t<\/div>\n\t\t\t\t<\/div>\n\t\t\t\t<\/div>\n\t\t<div class=\"elementor-element elementor-element-88345a9 e-con-full e-flex e-con e-child\" data-id=\"88345a9\" data-element_type=\"container\" data-e-type=\"container\">\n\t\t\t\t<div class=\"elementor-element elementor-element-0e8f0dd elementor-widget elementor-widget-html\" data-id=\"0e8f0dd\" data-element_type=\"widget\" data-e-type=\"widget\" data-widget_type=\"html.default\">\n\t\t\t\t<div class=\"elementor-widget-container\">\n\t\t\t\t\t<iframe style=\"border: 0; width: 500px; height: 672px;\" src=\"https:\/\/bandcamp.com\/EmbeddedPlayer\/album=213621527\/size=large\/bgcol=ffffff\/linkcol=7137dc\/transparent=true\/\" seamless><a href=\"https:\/\/caluost.bandcamp.com\/album\/vivo-en-una-obra\">VIVO EN UNA OBRA by Calu &amp; Orquesta Sin Territorio<\/a><\/iframe>\t\t\t\t<\/div>\n\t\t\t\t<\/div>\n\t\t\t\t<\/div>\n\t\t\t\t<\/div>\n\t\t<div class=\"elementor-element elementor-element-3a77a97 e-con-full e-flex e-con e-child\" data-id=\"3a77a97\" data-element_type=\"container\" data-e-type=\"container\">\n\t\t<div class=\"elementor-element elementor-element-02fe786 e-con-full e-flex e-con e-child\" data-id=\"02fe786\" data-element_type=\"container\" data-e-type=\"container\">\n\t\t\t\t<div class=\"elementor-element elementor-element-c7e42df elementor-widget elementor-widget-heading\" data-id=\"c7e42df\" data-element_type=\"widget\" data-e-type=\"widget\" data-widget_type=\"heading.default\">\n\t\t\t\t<div class=\"elementor-widget-container\">\n\t\t\t\t\t<h2 class=\"elementor-heading-title elementor-size-default\">\u00c1REA SEM FIO<\/h2>\t\t\t\t<\/div>\n\t\t\t\t<\/div>\n\t\t\t\t<\/div>\n\t\t<div class=\"elementor-element elementor-element-44799f0 e-con-full e-flex e-con e-child\" data-id=\"44799f0\" data-element_type=\"container\" data-e-type=\"container\">\n\t\t\t\t<div class=\"elementor-element elementor-element-dcd200b elementor-widget__width-initial elementor-widget elementor-widget-text-editor\" data-id=\"dcd200b\" data-element_type=\"widget\" data-e-type=\"widget\" data-widget_type=\"text-editor.default\">\n\t\t\t\t<div class=\"elementor-widget-container\">\n\t\t\t\t\t\t\t\t\t<p style=\"text-align: left;\" class=\"translation-block\">Soundtrack of the show <em>\u00c1rea Sem Fio<\/em> by <strong>Circo Enxame<\/strong>, a performance that seeks to answer the question: We live hyperconnected, but are we truly present?<\/p><p style=\"text-align: left;\" class=\"translation-block\">Created in a home studio between S\u00e3o Paulo, Brazil and Turin, Italy.<\/p><p style=\"text-align: left;\" class=\"translation-block\">| Visit the <b>Circo Enxame<\/b> site <a href=\"https:\/\/circoenxame.com\" target=\"_blank\" rel=\"noopener\">here<\/a>.<\/p><p style=\"text-align: left;\">2025<\/p>\t\t\t\t\t\t\t\t<\/div>\n\t\t\t\t<\/div>\n\t\t\t\t<\/div>\n\t\t<div class=\"elementor-element elementor-element-74707fd e-con-full e-flex e-con e-child\" data-id=\"74707fd\" data-element_type=\"container\" data-e-type=\"container\">\n\t\t\t\t<div class=\"elementor-element elementor-element-69a4718 elementor-widget elementor-widget-html\" data-id=\"69a4718\" data-element_type=\"widget\" data-e-type=\"widget\" data-widget_type=\"html.default\">\n\t\t\t\t<div class=\"elementor-widget-container\">\n\t\t\t\t\t<iframe style=\"border: 0; width: 500px; height: 705px;\" src=\"https:\/\/bandcamp.com\/EmbeddedPlayer\/album=970836560\/size=large\/bgcol=ffffff\/linkcol=333333\/transparent=true\/\" seamless><a href=\"https:\/\/caluost.bandcamp.com\/album\/rea-sem-fio\">\u00c1rea Sem Fio by Calu &amp; Orquesta Sin Territorio<\/a><\/iframe>\t\t\t\t<\/div>\n\t\t\t\t<\/div>\n\t\t\t\t<\/div>\n\t\t\t\t<\/div>\n\t\t\t\t\t<\/div>\n\t\t\t\t<\/div>\n\t\t<div class=\"elementor-element elementor-element-a6339eb e-flex e-con-boxed e-con e-parent\" data-id=\"a6339eb\" data-element_type=\"container\" data-e-type=\"container\">\n\t\t\t\t\t<div class=\"e-con-inner\">\n\t\t<div class=\"elementor-element elementor-element-bf71691 e-con-full e-flex e-con e-child\" data-id=\"bf71691\" data-element_type=\"container\" data-e-type=\"container\">\n\t\t<div class=\"elementor-element elementor-element-7136ffe e-con-full e-flex e-con e-child\" data-id=\"7136ffe\" data-element_type=\"container\" data-e-type=\"container\">\n\t\t\t\t<div class=\"elementor-element elementor-element-36d1c15 elementor-widget elementor-widget-heading\" data-id=\"36d1c15\" data-element_type=\"widget\" data-e-type=\"widget\" data-widget_type=\"heading.default\">\n\t\t\t\t<div class=\"elementor-widget-container\">\n\t\t\t\t\t<h2 class=\"elementor-heading-title elementor-size-default\">RECUERDA<\/h2>\t\t\t\t<\/div>\n\t\t\t\t<\/div>\n\t\t\t\t<\/div>\n\t\t<div class=\"elementor-element elementor-element-3353685 e-con-full e-flex e-con e-child\" data-id=\"3353685\" data-element_type=\"container\" data-e-type=\"container\">\n\t\t\t\t<div class=\"elementor-element elementor-element-eb9ae26 elementor-widget__width-initial elementor-widget elementor-widget-text-editor\" data-id=\"eb9ae26\" data-element_type=\"widget\" data-e-type=\"widget\" data-widget_type=\"text-editor.default\">\n\t\t\t\t<div class=\"elementor-widget-container\">\n\t\t\t\t\t\t\t\t\t<p style=\"text-align: left;\" class=\"translation-block\">Soundtrack to the street circus show <em>Recuerda<\/em> by <strong>Companhia Baldia<\/strong>, where two brothers begin a journey to climb the mountain of memories.<\/p><p style=\"text-align: left;\" class=\"translation-block\">Made in home studio in Rosario, Argentina.<\/p><p style=\"text-align: left;\" class=\"translation-block\">| Visit the <strong>Companhia Baldia<\/strong> Instagram <a href=\"https:\/\/www.instagram.com\/ciabaldia\/\" target=\"_blank\" rel=\"noopener\">here<\/a>.<\/p><p style=\"text-align: left;\">2023<\/p>\t\t\t\t\t\t\t\t<\/div>\n\t\t\t\t<\/div>\n\t\t\t\t<\/div>\n\t\t<div class=\"elementor-element elementor-element-4619ee5 e-con-full e-flex e-con e-child\" data-id=\"4619ee5\" data-element_type=\"container\" data-e-type=\"container\">\n\t\t\t\t<div class=\"elementor-element elementor-element-9da8af2 elementor-widget elementor-widget-html\" data-id=\"9da8af2\" data-element_type=\"widget\" data-e-type=\"widget\" data-widget_type=\"html.default\">\n\t\t\t\t<div class=\"elementor-widget-container\">\n\t\t\t\t\t<iframe style=\"border: 0; width: 500px; height: 705px;\" src=\"https:\/\/bandcamp.com\/EmbeddedPlayer\/album=118577580\/size=large\/bgcol=ffffff\/linkcol=0687f5\/transparent=true\/\" seamless><a href=\"https:\/\/caluost.bandcamp.com\/album\/recuerda\">Recuerda by Calu &amp; Orquesta Sin Territorio<\/a><\/iframe>\t\t\t\t<\/div>\n\t\t\t\t<\/div>\n\t\t\t\t<\/div>\n\t\t\t\t<\/div>\n\t\t\t\t\t<\/div>\n\t\t\t\t<\/div>\n\t\t\t\t<\/div>","protected":false},"excerpt":{"rendered":"<p>https:\/\/parabolia.net\/wp-content\/uploads\/2024\/02\/video-logo-caluost.mp4 Calu &amp; Orquesta Sin Territorio Sons de ang\u00fastia colocados no palco. Soando pequenas fic\u00e7\u00f5es da realidade encarnada com flores e pancadas. Da mem\u00f3ria \u00e0 proje\u00e7\u00e3o. TRILHAS SONORAS VIVO EN UNA OBRA Duas faixas para compor a trilha sonora do espet\u00e1culo de dan\u00e7a Vivo En Una Obra dirigido pela bailarina e core\u00f3grafa\u00a0Antonela Pereyra. Feito em [&hellip;]<\/p>\n","protected":false},"author":2,"featured_media":0,"parent":0,"menu_order":0,"comment_status":"closed","ping_status":"closed","template":"elementor_canvas","meta":{"footnotes":""},"class_list":["post-792","page","type-page","status-publish","hentry"],"yoast_head":"<!-- This site is optimized with the Yoast SEO plugin v27.4 - https:\/\/yoast.com\/product\/yoast-seo-wordpress\/ -->\n<title>Calu &amp; OST - Parabolia<\/title>\n<meta name=\"robots\" content=\"index, follow, max-snippet:-1, max-image-preview:large, max-video-preview:-1\" \/>\n<link rel=\"canonical\" href=\"https:\/\/parabolia.net\/en\/calu-ost\/\" \/>\n<meta property=\"og:locale\" content=\"en_GB\" \/>\n<meta property=\"og:type\" content=\"article\" \/>\n<meta property=\"og:title\" content=\"Calu &amp; OST - Parabolia\" \/>\n<meta property=\"og:description\" content=\"https:\/\/parabolia.net\/wp-content\/uploads\/2024\/02\/video-logo-caluost.mp4 Calu &amp; Orquesta Sin Territorio Sons de ang\u00fastia colocados no palco. Soando pequenas fic\u00e7\u00f5es da realidade encarnada com flores e pancadas. Da mem\u00f3ria \u00e0 proje\u00e7\u00e3o. TRILHAS SONORAS VIVO EN UNA OBRA Duas faixas para compor a trilha sonora do espet\u00e1culo de dan\u00e7a Vivo En Una Obra dirigido pela bailarina e core\u00f3grafa\u00a0Antonela Pereyra. Feito em [&hellip;]\" \/>\n<meta property=\"og:url\" content=\"https:\/\/parabolia.net\/en\/calu-ost\/\" \/>\n<meta property=\"og:site_name\" content=\"Parabolia\" \/>\n<meta property=\"article:modified_time\" content=\"2025-09-30T19:24:27+00:00\" \/>\n<meta name=\"twitter:card\" content=\"summary_large_image\" \/>\n<meta name=\"twitter:label1\" content=\"Estimated reading time\" \/>\n\t<meta name=\"twitter:data1\" content=\"1 minute\" \/>\n<script type=\"application\/ld+json\" class=\"yoast-schema-graph\">{\"@context\":\"https:\\\/\\\/schema.org\",\"@graph\":[{\"@type\":\"WebPage\",\"@id\":\"https:\\\/\\\/parabolia.net\\\/calu-ost\\\/\",\"url\":\"https:\\\/\\\/parabolia.net\\\/calu-ost\\\/\",\"name\":\"Calu & OST - Parabolia\",\"isPartOf\":{\"@id\":\"https:\\\/\\\/parabolia.net\\\/#website\"},\"datePublished\":\"2024-01-30T15:30:34+00:00\",\"dateModified\":\"2025-09-30T19:24:27+00:00\",\"inLanguage\":\"en-GB\",\"potentialAction\":[{\"@type\":\"ReadAction\",\"target\":[\"https:\\\/\\\/parabolia.net\\\/calu-ost\\\/\"]}]},{\"@type\":\"WebSite\",\"@id\":\"https:\\\/\\\/parabolia.net\\\/#website\",\"url\":\"https:\\\/\\\/parabolia.net\\\/\",\"name\":\"Parabolia\",\"description\":\"Antenando com a cultura independente!\",\"publisher\":{\"@id\":\"https:\\\/\\\/parabolia.net\\\/#organization\"},\"potentialAction\":[{\"@type\":\"SearchAction\",\"target\":{\"@type\":\"EntryPoint\",\"urlTemplate\":\"https:\\\/\\\/parabolia.net\\\/?s={search_term_string}\"},\"query-input\":{\"@type\":\"PropertyValueSpecification\",\"valueRequired\":true,\"valueName\":\"search_term_string\"}}],\"inLanguage\":\"en-GB\"},{\"@type\":\"Organization\",\"@id\":\"https:\\\/\\\/parabolia.net\\\/#organization\",\"name\":\"Parabolia\",\"url\":\"https:\\\/\\\/parabolia.net\\\/\",\"logo\":{\"@type\":\"ImageObject\",\"inLanguage\":\"en-GB\",\"@id\":\"https:\\\/\\\/parabolia.net\\\/#\\\/schema\\\/logo\\\/image\\\/\",\"url\":\"https:\\\/\\\/parabolia.net\\\/wp-content\\\/uploads\\\/2024\\\/02\\\/logo-parabolia01.png\",\"contentUrl\":\"https:\\\/\\\/parabolia.net\\\/wp-content\\\/uploads\\\/2024\\\/02\\\/logo-parabolia01.png\",\"width\":512,\"height\":512,\"caption\":\"Parabolia\"},\"image\":{\"@id\":\"https:\\\/\\\/parabolia.net\\\/#\\\/schema\\\/logo\\\/image\\\/\"},\"sameAs\":[\"https:\\\/\\\/www.instagram.com\\\/laparabolia\\\/\"]}]}<\/script>\n<!-- \/ Yoast SEO plugin. -->","yoast_head_json":{"title":"Calu & OST - Parabolia","robots":{"index":"index","follow":"follow","max-snippet":"max-snippet:-1","max-image-preview":"max-image-preview:large","max-video-preview":"max-video-preview:-1"},"canonical":"https:\/\/parabolia.net\/en\/calu-ost\/","og_locale":"en_GB","og_type":"article","og_title":"Calu & OST - Parabolia","og_description":"https:\/\/parabolia.net\/wp-content\/uploads\/2024\/02\/video-logo-caluost.mp4 Calu &amp; Orquesta Sin Territorio Sons de ang\u00fastia colocados no palco. Soando pequenas fic\u00e7\u00f5es da realidade encarnada com flores e pancadas. Da mem\u00f3ria \u00e0 proje\u00e7\u00e3o. TRILHAS SONORAS VIVO EN UNA OBRA Duas faixas para compor a trilha sonora do espet\u00e1culo de dan\u00e7a Vivo En Una Obra dirigido pela bailarina e core\u00f3grafa\u00a0Antonela Pereyra. Feito em [&hellip;]","og_url":"https:\/\/parabolia.net\/en\/calu-ost\/","og_site_name":"Parabolia","article_modified_time":"2025-09-30T19:24:27+00:00","twitter_card":"summary_large_image","twitter_misc":{"Estimated reading time":"1 minute"},"schema":{"@context":"https:\/\/schema.org","@graph":[{"@type":"WebPage","@id":"https:\/\/parabolia.net\/calu-ost\/","url":"https:\/\/parabolia.net\/calu-ost\/","name":"Calu & OST - Parabolia","isPartOf":{"@id":"https:\/\/parabolia.net\/#website"},"datePublished":"2024-01-30T15:30:34+00:00","dateModified":"2025-09-30T19:24:27+00:00","inLanguage":"en-GB","potentialAction":[{"@type":"ReadAction","target":["https:\/\/parabolia.net\/calu-ost\/"]}]},{"@type":"WebSite","@id":"https:\/\/parabolia.net\/#website","url":"https:\/\/parabolia.net\/","name":"Parabolia","description":"Connecting with independent culture!","publisher":{"@id":"https:\/\/parabolia.net\/#organization"},"potentialAction":[{"@type":"SearchAction","target":{"@type":"EntryPoint","urlTemplate":"https:\/\/parabolia.net\/?s={search_term_string}"},"query-input":{"@type":"PropertyValueSpecification","valueRequired":true,"valueName":"search_term_string"}}],"inLanguage":"en-GB"},{"@type":"Organization","@id":"https:\/\/parabolia.net\/#organization","name":"Parabolia","url":"https:\/\/parabolia.net\/","logo":{"@type":"ImageObject","inLanguage":"en-GB","@id":"https:\/\/parabolia.net\/#\/schema\/logo\/image\/","url":"https:\/\/parabolia.net\/wp-content\/uploads\/2024\/02\/logo-parabolia01.png","contentUrl":"https:\/\/parabolia.net\/wp-content\/uploads\/2024\/02\/logo-parabolia01.png","width":512,"height":512,"caption":"Parabolia"},"image":{"@id":"https:\/\/parabolia.net\/#\/schema\/logo\/image\/"},"sameAs":["https:\/\/www.instagram.com\/laparabolia\/"]}]}},"_links":{"self":[{"href":"https:\/\/parabolia.net\/en\/wp-json\/wp\/v2\/pages\/792","targetHints":{"allow":["GET"]}}],"collection":[{"href":"https:\/\/parabolia.net\/en\/wp-json\/wp\/v2\/pages"}],"about":[{"href":"https:\/\/parabolia.net\/en\/wp-json\/wp\/v2\/types\/page"}],"author":[{"embeddable":true,"href":"https:\/\/parabolia.net\/en\/wp-json\/wp\/v2\/users\/2"}],"replies":[{"embeddable":true,"href":"https:\/\/parabolia.net\/en\/wp-json\/wp\/v2\/comments?post=792"}],"version-history":[{"count":162,"href":"https:\/\/parabolia.net\/en\/wp-json\/wp\/v2\/pages\/792\/revisions"}],"predecessor-version":[{"id":4310,"href":"https:\/\/parabolia.net\/en\/wp-json\/wp\/v2\/pages\/792\/revisions\/4310"}],"wp:attachment":[{"href":"https:\/\/parabolia.net\/en\/wp-json\/wp\/v2\/media?parent=792"}],"curies":[{"name":"wp","href":"https:\/\/api.w.org\/{rel}","templated":true}]}}