{"id":796,"date":"2024-01-30T12:31:45","date_gmt":"2024-01-30T15:31:45","guid":{"rendered":"https:\/\/parabolia.net\/?page_id=796"},"modified":"2024-10-04T13:02:10","modified_gmt":"2024-10-04T16:02:10","slug":"tronco","status":"publish","type":"page","link":"https:\/\/parabolia.net\/en\/tronco\/","title":{"rendered":"Tronco"},"content":{"rendered":"<div data-elementor-type=\"wp-page\" data-elementor-id=\"796\" class=\"elementor elementor-796\">\n\t\t\t\t<div class=\"elementor-element elementor-element-fc537cc e-flex e-con-boxed e-con e-parent\" data-id=\"fc537cc\" data-element_type=\"container\" data-e-type=\"container\">\n\t\t\t\t\t<div class=\"e-con-inner\">\n\t\t\t\t<div class=\"elementor-element elementor-element-b56d12c elementor-widget elementor-widget-spacer\" data-id=\"b56d12c\" data-element_type=\"widget\" data-e-type=\"widget\" data-widget_type=\"spacer.default\">\n\t\t\t\t<div class=\"elementor-widget-container\">\n\t\t\t\t\t\t\t<div class=\"elementor-spacer\">\n\t\t\t<div class=\"elementor-spacer-inner\"><\/div>\n\t\t<\/div>\n\t\t\t\t\t\t<\/div>\n\t\t\t\t<\/div>\n\t\t\t\t\t<\/div>\n\t\t\t\t<\/div>\n\t\t<div class=\"elementor-element elementor-element-db7525c e-flex e-con-boxed e-con e-parent\" data-id=\"db7525c\" data-element_type=\"container\" data-e-type=\"container\">\n\t\t\t\t\t<div class=\"e-con-inner\">\n\t\t\t\t<div class=\"elementor-element elementor-element-3b47eeb elementor-widget__width-initial elementor-widget-tablet__width-initial elementor-widget-mobile__width-initial elementor-widget elementor-widget-video\" data-id=\"3b47eeb\" data-element_type=\"widget\" data-e-type=\"widget\" data-settings=\"{&quot;video_type&quot;:&quot;hosted&quot;,&quot;autoplay&quot;:&quot;yes&quot;,&quot;play_on_mobile&quot;:&quot;yes&quot;,&quot;mute&quot;:&quot;yes&quot;,&quot;loop&quot;:&quot;yes&quot;}\" data-widget_type=\"video.default\">\n\t\t\t\t<div class=\"elementor-widget-container\">\n\t\t\t\t\t\t\t<div class=\"e-hosted-video elementor-wrapper elementor-open-inline\">\n\t\t\t\t\t<video class=\"elementor-video\" src=\"https:\/\/parabolia.net\/wp-content\/uploads\/2024\/02\/video-logo-tronco.mp4\" autoplay=\"\" loop=\"\" muted=\"muted\" playsinline=\"\" controlslist=\"nodownload\" poster=\"https:\/\/parabolia.net\/wp-content\/uploads\/2024\/02\/capa-video-tronco.png\"><\/video>\n\t\t\t\t<\/div>\n\t\t\t\t\t\t<\/div>\n\t\t\t\t<\/div>\n\t\t\t\t\t<\/div>\n\t\t\t\t<\/div>\n\t\t<div class=\"elementor-element elementor-element-8fae675 e-flex e-con-boxed e-con e-parent\" data-id=\"8fae675\" data-element_type=\"container\" data-e-type=\"container\">\n\t\t\t\t\t<div class=\"e-con-inner\">\n\t\t\t\t<div class=\"elementor-element elementor-element-b85230e elementor-widget__width-initial elementor-widget elementor-widget-heading\" data-id=\"b85230e\" data-element_type=\"widget\" data-e-type=\"widget\" data-widget_type=\"heading.default\">\n\t\t\t\t<div class=\"elementor-widget-container\">\n\t\t\t\t\t<h2 class=\"elementor-heading-title elementor-size-default\">Tronco<\/h2>\t\t\t\t<\/div>\n\t\t\t\t<\/div>\n\t\t\t\t\t<\/div>\n\t\t\t\t<\/div>\n\t\t<div class=\"elementor-element elementor-element-709f8cd e-flex e-con-boxed e-con e-parent\" data-id=\"709f8cd\" data-element_type=\"container\" data-e-type=\"container\">\n\t\t\t\t\t<div class=\"e-con-inner\">\n\t\t\t\t<div class=\"elementor-element elementor-element-0c30b3b elementor-widget__width-initial elementor-widget-mobile__width-initial elementor-widget elementor-widget-text-editor\" data-id=\"0c30b3b\" data-element_type=\"widget\" data-e-type=\"widget\" data-widget_type=\"text-editor.default\">\n\t\t\t\t<div class=\"elementor-widget-container\">\n\t\t\t\t\t\t\t\t\t<p style=\"text-align: center;\" align=\"justify\">Graphic design through the permanence of the pixel in the grids of time. When everything passes and only the miners remain, the last vector point will remind us that the algorithm for how advertising is done has always been wrong. And maybe we are too.<\/p>\t\t\t\t\t\t\t\t<\/div>\n\t\t\t\t<\/div>\n\t\t\t\t\t<\/div>\n\t\t\t\t<\/div>\n\t\t<div class=\"elementor-element elementor-element-e89cb3f e-flex e-con-boxed e-con e-parent\" data-id=\"e89cb3f\" data-element_type=\"container\" data-e-type=\"container\">\n\t\t\t\t\t<div class=\"e-con-inner\">\n\t\t\t\t<div class=\"elementor-element elementor-element-2b222a2 elementor-widget-divider--view-line_text elementor-widget-divider--element-align-center elementor-widget elementor-widget-divider\" data-id=\"2b222a2\" data-element_type=\"widget\" data-e-type=\"widget\" data-widget_type=\"divider.default\">\n\t\t\t\t<div class=\"elementor-widget-container\">\n\t\t\t\t\t\t\t<div class=\"elementor-divider\">\n\t\t\t<span class=\"elementor-divider-separator\">\n\t\t\t\t\t\t\t<span class=\"elementor-divider__text elementor-divider__element\">\n\t\t\t\tFULL PROJECTS\t\t\t\t<\/span>\n\t\t\t\t\t\t<\/span>\n\t\t<\/div>\n\t\t\t\t\t\t<\/div>\n\t\t\t\t<\/div>\n\t\t\t\t\t<\/div>\n\t\t\t\t<\/div>\n\t\t<div class=\"elementor-element elementor-element-16bb716 e-flex e-con-boxed e-con e-parent\" data-id=\"16bb716\" data-element_type=\"container\" data-e-type=\"container\">\n\t\t\t\t\t<div class=\"e-con-inner\">\n\t\t<div class=\"elementor-element elementor-element-f1e1b3f e-con-full e-flex e-con e-child\" data-id=\"f1e1b3f\" data-element_type=\"container\" data-e-type=\"container\">\n\t\t\t\t<div class=\"elementor-element elementor-element-08422ca elementor-invisible elementor-widget elementor-widget-image\" data-id=\"08422ca\" data-element_type=\"widget\" data-e-type=\"widget\" data-settings=\"{&quot;_animation&quot;:&quot;slideInDown&quot;,&quot;_animation_delay&quot;:100}\" data-widget_type=\"image.default\">\n\t\t\t\t<div class=\"elementor-widget-container\">\n\t\t\t\t\t\t\t\t\t\t\t\t\t\t\t\t<a href=\"https:\/\/parabolia.net\/en\/tronco\/projetos-completos\/desassossego\/\">\n\t\t\t\t\t\t\t<img decoding=\"async\" src=\"https:\/\/parabolia.net\/wp-content\/uploads\/elementor\/thumbs\/logo-desassossego02-qv7zoxo9m4jxh1zztw9fv91z6z1ob7psjpa732mb5s.png\" title=\"logo-desassossego02\" alt=\"logo-desassossego02\" class=\"elementor-animation-bob\" loading=\"lazy\" \/>\t\t\t\t\t\t\t\t<\/a>\n\t\t\t\t\t\t\t\t\t\t\t\t\t\t\t<\/div>\n\t\t\t\t<\/div>\n\t\t<div class=\"elementor-element elementor-element-18c20b0 e-flex e-con-boxed e-con e-child\" data-id=\"18c20b0\" data-element_type=\"container\" data-e-type=\"container\">\n\t\t\t\t\t<div class=\"e-con-inner\">\n\t\t\t\t<div class=\"elementor-element elementor-element-eb7de71 elementor-widget elementor-widget-heading\" data-id=\"eb7de71\" data-element_type=\"widget\" data-e-type=\"widget\" data-widget_type=\"heading.default\">\n\t\t\t\t<div class=\"elementor-widget-container\">\n\t\t\t\t\t<h2 class=\"elementor-heading-title elementor-size-default\">Desassossego<\/h2>\t\t\t\t<\/div>\n\t\t\t\t<\/div>\n\t\t\t\t\t<\/div>\n\t\t\t\t<\/div>\n\t\t\t\t<\/div>\n\t\t<div class=\"elementor-element elementor-element-586356e e-con-full e-flex e-con e-child\" data-id=\"586356e\" data-element_type=\"container\" data-e-type=\"container\">\n\t\t\t\t<div class=\"elementor-element elementor-element-229d116 elementor-invisible elementor-widget elementor-widget-image\" data-id=\"229d116\" data-element_type=\"widget\" data-e-type=\"widget\" data-settings=\"{&quot;_animation&quot;:&quot;slideInDown&quot;,&quot;_animation_delay&quot;:200}\" data-widget_type=\"image.default\">\n\t\t\t\t<div class=\"elementor-widget-container\">\n\t\t\t\t\t\t\t\t\t\t\t\t\t\t\t\t<a href=\"https:\/\/parabolia.net\/en\/tronco\/projetos-completos\/3-cicaer\/\">\n\t\t\t\t\t\t\t<img decoding=\"async\" src=\"https:\/\/parabolia.net\/wp-content\/uploads\/elementor\/thumbs\/logo-3cicaer01-qv7zovso5pikwc0ytkoej502ztggp2ifv5k2zce2us.png\" title=\"logo-3cicaer01\" alt=\"logo-3cicaer01\" class=\"elementor-animation-bob\" loading=\"lazy\" \/>\t\t\t\t\t\t\t\t<\/a>\n\t\t\t\t\t\t\t\t\t\t\t\t\t\t\t<\/div>\n\t\t\t\t<\/div>\n\t\t<div class=\"elementor-element elementor-element-520407c e-flex e-con-boxed e-con e-child\" data-id=\"520407c\" data-element_type=\"container\" data-e-type=\"container\">\n\t\t\t\t\t<div class=\"e-con-inner\">\n\t\t\t\t<div class=\"elementor-element elementor-element-db3600a elementor-widget elementor-widget-heading\" data-id=\"db3600a\" data-element_type=\"widget\" data-e-type=\"widget\" data-widget_type=\"heading.default\">\n\t\t\t\t<div class=\"elementor-widget-container\">\n\t\t\t\t\t<h2 class=\"elementor-heading-title elementor-size-default\">3\u00aa cicaer<\/h2>\t\t\t\t<\/div>\n\t\t\t\t<\/div>\n\t\t\t\t\t<\/div>\n\t\t\t\t<\/div>\n\t\t\t\t<\/div>\n\t\t<div class=\"elementor-element elementor-element-f56f7b0 e-con-full e-flex e-con e-child\" data-id=\"f56f7b0\" data-element_type=\"container\" data-e-type=\"container\">\n\t\t\t\t<div class=\"elementor-element elementor-element-df8d0b7 elementor-invisible elementor-widget elementor-widget-image\" data-id=\"df8d0b7\" data-element_type=\"widget\" data-e-type=\"widget\" data-settings=\"{&quot;_animation&quot;:&quot;slideInDown&quot;,&quot;_animation_delay&quot;:300}\" data-widget_type=\"image.default\">\n\t\t\t\t<div class=\"elementor-widget-container\">\n\t\t\t\t\t\t\t\t\t\t\t\t\t\t\t\t<a href=\"https:\/\/parabolia.net\/en\/tronco\/projetos-completos\/terravoa\/\">\n\t\t\t\t\t\t\t<img decoding=\"async\" src=\"https:\/\/parabolia.net\/wp-content\/uploads\/elementor\/thumbs\/logo-terravoa02-qv7zniwzd2mg241q2abl4lv345zurk4acq1z64pkhs.png\" title=\"logo-terravoa02\" alt=\"logo-terravoa02\" class=\"elementor-animation-bob\" loading=\"lazy\" \/>\t\t\t\t\t\t\t\t<\/a>\n\t\t\t\t\t\t\t\t\t\t\t\t\t\t\t<\/div>\n\t\t\t\t<\/div>\n\t\t<div class=\"elementor-element elementor-element-649fa87 e-flex e-con-boxed e-con e-child\" data-id=\"649fa87\" data-element_type=\"container\" data-e-type=\"container\">\n\t\t\t\t\t<div class=\"e-con-inner\">\n\t\t\t\t<div class=\"elementor-element elementor-element-42edf21 elementor-widget elementor-widget-heading\" data-id=\"42edf21\" data-element_type=\"widget\" data-e-type=\"widget\" data-widget_type=\"heading.default\">\n\t\t\t\t<div class=\"elementor-widget-container\">\n\t\t\t\t\t<h2 class=\"elementor-heading-title elementor-size-default\">Terravoa<\/h2>\t\t\t\t<\/div>\n\t\t\t\t<\/div>\n\t\t\t\t\t<\/div>\n\t\t\t\t<\/div>\n\t\t\t\t<\/div>\n\t\t\t\t\t<\/div>\n\t\t\t\t<\/div>\n\t\t<div class=\"elementor-element elementor-element-bd7c7ca e-flex e-con-boxed e-con e-parent\" data-id=\"bd7c7ca\" data-element_type=\"container\" data-e-type=\"container\">\n\t\t\t\t\t<div class=\"e-con-inner\">\n\t\t\t\t<div class=\"elementor-element elementor-element-e524d02 elementor-widget-divider--view-line_text elementor-widget-divider--element-align-center elementor-widget elementor-widget-divider\" data-id=\"e524d02\" data-element_type=\"widget\" data-e-type=\"widget\" data-widget_type=\"divider.default\">\n\t\t\t\t<div class=\"elementor-widget-container\">\n\t\t\t\t\t\t\t<div class=\"elementor-divider\">\n\t\t\t<span class=\"elementor-divider-separator\">\n\t\t\t\t\t\t\t<span class=\"elementor-divider__text elementor-divider__element\">\n\t\t\t\tSPECIFIC PROJECTS\t\t\t\t<\/span>\n\t\t\t\t\t\t<\/span>\n\t\t<\/div>\n\t\t\t\t\t\t<\/div>\n\t\t\t\t<\/div>\n\t\t\t\t\t<\/div>\n\t\t\t\t<\/div>\n\t\t<div class=\"elementor-element elementor-element-82ef7b0 e-flex e-con-boxed e-con e-parent\" data-id=\"82ef7b0\" data-element_type=\"container\" data-e-type=\"container\">\n\t\t\t\t\t<div class=\"e-con-inner\">\n\t\t<div class=\"elementor-element elementor-element-b5f4e2e e-con-full e-flex e-con e-child\" data-id=\"b5f4e2e\" data-element_type=\"container\" data-e-type=\"container\">\n\t\t\t\t<div class=\"elementor-element elementor-element-bb0e4ba elementor-widget-mobile__width-initial elementor-invisible elementor-widget elementor-widget-image\" data-id=\"bb0e4ba\" data-element_type=\"widget\" data-e-type=\"widget\" data-settings=\"{&quot;_animation&quot;:&quot;slideInDown&quot;,&quot;_animation_delay&quot;:100}\" data-widget_type=\"image.default\">\n\t\t\t\t<div class=\"elementor-widget-container\">\n\t\t\t\t\t\t\t\t\t\t\t\t\t\t\t\t<a href=\"https:\/\/parabolia.net\/en\/tronco\/logos\/\">\n\t\t\t\t\t\t\t<img decoding=\"async\" src=\"https:\/\/parabolia.net\/wp-content\/uploads\/elementor\/thumbs\/thumb-logos-qv7znksnqqp0pbyzrb4u9le0axql6ybr0zcy4oms5c.png\" title=\"thumb-logos\" alt=\"thumb-logos\" class=\"elementor-animation-bob\" loading=\"lazy\" \/>\t\t\t\t\t\t\t\t<\/a>\n\t\t\t\t\t\t\t\t\t\t\t\t\t\t\t<\/div>\n\t\t\t\t<\/div>\n\t\t<div class=\"elementor-element elementor-element-97c639c e-flex e-con-boxed e-con e-child\" data-id=\"97c639c\" data-element_type=\"container\" data-e-type=\"container\">\n\t\t\t\t\t<div class=\"e-con-inner\">\n\t\t\t\t<div class=\"elementor-element elementor-element-e881d37 elementor-widget elementor-widget-heading\" data-id=\"e881d37\" data-element_type=\"widget\" data-e-type=\"widget\" data-widget_type=\"heading.default\">\n\t\t\t\t<div class=\"elementor-widget-container\">\n\t\t\t\t\t<h2 class=\"elementor-heading-title elementor-size-default\">Logos<\/h2>\t\t\t\t<\/div>\n\t\t\t\t<\/div>\n\t\t\t\t\t<\/div>\n\t\t\t\t<\/div>\n\t\t\t\t<\/div>\n\t\t<div class=\"elementor-element elementor-element-ae9abf9 e-con-full e-flex e-con e-child\" data-id=\"ae9abf9\" data-element_type=\"container\" data-e-type=\"container\">\n\t\t\t\t<div class=\"elementor-element elementor-element-9321825 elementor-widget-mobile__width-initial elementor-invisible elementor-widget elementor-widget-image\" data-id=\"9321825\" data-element_type=\"widget\" data-e-type=\"widget\" data-settings=\"{&quot;_animation&quot;:&quot;slideInDown&quot;,&quot;_animation_delay&quot;:200}\" data-widget_type=\"image.default\">\n\t\t\t\t<div class=\"elementor-widget-container\">\n\t\t\t\t\t\t\t\t\t\t\t\t\t\t\t\t<a href=\"https:\/\/parabolia.net\/en\/tronco\/dossies\/\">\n\t\t\t\t\t\t\t<img decoding=\"async\" src=\"https:\/\/parabolia.net\/wp-content\/uploads\/elementor\/thumbs\/thumb-dossies-qv7znlqhxkqb0xxmltjgu35gwblyenfhd40flyldz4.png\" title=\"thumb-dossies\" alt=\"thumb-dossies\" class=\"elementor-animation-bob\" loading=\"lazy\" \/>\t\t\t\t\t\t\t\t<\/a>\n\t\t\t\t\t\t\t\t\t\t\t\t\t\t\t<\/div>\n\t\t\t\t<\/div>\n\t\t<div class=\"elementor-element elementor-element-b71160b e-flex e-con-boxed e-con e-child\" data-id=\"b71160b\" data-element_type=\"container\" data-e-type=\"container\">\n\t\t\t\t\t<div class=\"e-con-inner\">\n\t\t\t\t<div class=\"elementor-element elementor-element-57a9784 elementor-widget elementor-widget-heading\" data-id=\"57a9784\" data-element_type=\"widget\" data-e-type=\"widget\" data-widget_type=\"heading.default\">\n\t\t\t\t<div class=\"elementor-widget-container\">\n\t\t\t\t\t<h2 class=\"elementor-heading-title elementor-size-default\">Dossiers<\/h2>\t\t\t\t<\/div>\n\t\t\t\t<\/div>\n\t\t\t\t\t<\/div>\n\t\t\t\t<\/div>\n\t\t\t\t<\/div>\n\t\t<div class=\"elementor-element elementor-element-8ca990b e-con-full e-flex e-con e-child\" data-id=\"8ca990b\" data-element_type=\"container\" data-e-type=\"container\">\n\t\t\t\t<div class=\"elementor-element elementor-element-ffa2c0a elementor-widget-mobile__width-initial elementor-invisible elementor-widget elementor-widget-image\" data-id=\"ffa2c0a\" data-element_type=\"widget\" data-e-type=\"widget\" data-settings=\"{&quot;_animation&quot;:&quot;slideInDown&quot;,&quot;_animation_delay&quot;:300}\" data-widget_type=\"image.default\">\n\t\t\t\t<div class=\"elementor-widget-container\">\n\t\t\t\t\t\t\t\t\t\t\t\t\t\t\t\t<a href=\"https:\/\/parabolia.net\/en\/tronco\/posters-flyers\/\">\n\t\t\t\t\t\t\t<img decoding=\"async\" src=\"https:\/\/parabolia.net\/wp-content\/uploads\/elementor\/thumbs\/thumb-posters-flyers02-qv80mtqs12y42wrrxjn6rp6a9403uc9dvg2g08datc.png\" title=\"thumb-posters-flyers02\" alt=\"thumb-posters-flyers02\" class=\"elementor-animation-bob\" loading=\"lazy\" \/>\t\t\t\t\t\t\t\t<\/a>\n\t\t\t\t\t\t\t\t\t\t\t\t\t\t\t<\/div>\n\t\t\t\t<\/div>\n\t\t<div class=\"elementor-element elementor-element-17b5345 e-flex e-con-boxed e-con e-child\" data-id=\"17b5345\" data-element_type=\"container\" data-e-type=\"container\">\n\t\t\t\t\t<div class=\"e-con-inner\">\n\t\t\t\t<div class=\"elementor-element elementor-element-9362592 elementor-widget elementor-widget-heading\" data-id=\"9362592\" data-element_type=\"widget\" data-e-type=\"widget\" data-widget_type=\"heading.default\">\n\t\t\t\t<div class=\"elementor-widget-container\">\n\t\t\t\t\t<h2 class=\"elementor-heading-title elementor-size-default\">Posters &amp; Flyers<\/h2>\t\t\t\t<\/div>\n\t\t\t\t<\/div>\n\t\t\t\t\t<\/div>\n\t\t\t\t<\/div>\n\t\t\t\t<\/div>\n\t\t<div class=\"elementor-element elementor-element-536fb3d e-con-full e-flex e-con e-child\" data-id=\"536fb3d\" data-element_type=\"container\" data-e-type=\"container\">\n\t\t\t\t<div class=\"elementor-element elementor-element-d58df94 elementor-widget-mobile__width-initial elementor-invisible elementor-widget elementor-widget-image\" data-id=\"d58df94\" data-element_type=\"widget\" data-e-type=\"widget\" data-settings=\"{&quot;_animation&quot;:&quot;slideInDown&quot;,&quot;_animation_delay&quot;:400}\" data-widget_type=\"image.default\">\n\t\t\t\t<div class=\"elementor-widget-container\">\n\t\t\t\t\t\t\t\t\t\t\t\t\t\t\t\t<a href=\"https:\/\/parabolia.net\/en\/tronco\/sites\/\">\n\t\t\t\t\t\t\t<img decoding=\"async\" src=\"https:\/\/parabolia.net\/wp-content\/uploads\/elementor\/thumbs\/thumb-sites-qv80muom7wzeeiqes21tc6xquhvh21d47kpxhibwn4.png\" title=\"thumb-sites\" alt=\"thumb-sites\" class=\"elementor-animation-bob\" loading=\"lazy\" \/>\t\t\t\t\t\t\t\t<\/a>\n\t\t\t\t\t\t\t\t\t\t\t\t\t\t\t<\/div>\n\t\t\t\t<\/div>\n\t\t<div class=\"elementor-element elementor-element-2c2c0b2 e-flex e-con-boxed e-con e-child\" data-id=\"2c2c0b2\" data-element_type=\"container\" data-e-type=\"container\">\n\t\t\t\t\t<div class=\"e-con-inner\">\n\t\t\t\t<div class=\"elementor-element elementor-element-f55ebac elementor-widget elementor-widget-heading\" data-id=\"f55ebac\" data-element_type=\"widget\" data-e-type=\"widget\" data-widget_type=\"heading.default\">\n\t\t\t\t<div class=\"elementor-widget-container\">\n\t\t\t\t\t<h2 class=\"elementor-heading-title elementor-size-default\">Websites<\/h2>\t\t\t\t<\/div>\n\t\t\t\t<\/div>\n\t\t\t\t\t<\/div>\n\t\t\t\t<\/div>\n\t\t\t\t<\/div>\n\t\t\t\t\t<\/div>\n\t\t\t\t<\/div>\n\t\t\t\t<\/div>","protected":false},"excerpt":{"rendered":"<p>https:\/\/parabolia.net\/wp-content\/uploads\/2024\/02\/video-logo-tronco.mp4 Tronco Desenho gr\u00e1fico pela perman\u00eancia do pixel nas grades do tempo. Quando tudo passar e s\u00f3 sobrarem os mineradores, o \u00faltimo ponto de vetor nos lembrar\u00e1 que o algoritmo de como se faz propaganda sempre esteve equivocado. E talvez n\u00f3s tamb\u00e9m. PROJETOS COMPLETOS Desassossego 3\u00aa cicaer Terravoa PROJETOS PONTUAIS Logos Dossi\u00eas Posters &amp; Flyers [&hellip;]<\/p>\n","protected":false},"author":2,"featured_media":0,"parent":0,"menu_order":0,"comment_status":"closed","ping_status":"closed","template":"elementor_canvas","meta":{"footnotes":""},"class_list":["post-796","page","type-page","status-publish","hentry"],"yoast_head":"<!-- This site is optimized with the Yoast SEO plugin v27.4 - https:\/\/yoast.com\/product\/yoast-seo-wordpress\/ -->\n<title>Tronco - Parabolia<\/title>\n<meta name=\"robots\" content=\"index, follow, max-snippet:-1, max-image-preview:large, max-video-preview:-1\" \/>\n<link rel=\"canonical\" href=\"https:\/\/parabolia.net\/en\/tronco\/\" \/>\n<meta property=\"og:locale\" content=\"en_GB\" \/>\n<meta property=\"og:type\" content=\"article\" \/>\n<meta property=\"og:title\" content=\"Tronco - Parabolia\" \/>\n<meta property=\"og:description\" content=\"https:\/\/parabolia.net\/wp-content\/uploads\/2024\/02\/video-logo-tronco.mp4 Tronco Desenho gr\u00e1fico pela perman\u00eancia do pixel nas grades do tempo. Quando tudo passar e s\u00f3 sobrarem os mineradores, o \u00faltimo ponto de vetor nos lembrar\u00e1 que o algoritmo de como se faz propaganda sempre esteve equivocado. E talvez n\u00f3s tamb\u00e9m. PROJETOS COMPLETOS Desassossego 3\u00aa cicaer Terravoa PROJETOS PONTUAIS Logos Dossi\u00eas Posters &amp; Flyers [&hellip;]\" \/>\n<meta property=\"og:url\" content=\"https:\/\/parabolia.net\/en\/tronco\/\" \/>\n<meta property=\"og:site_name\" content=\"Parabolia\" \/>\n<meta property=\"article:modified_time\" content=\"2024-10-04T16:02:10+00:00\" \/>\n<meta property=\"og:image\" content=\"https:\/\/parabolia.net\/wp-content\/uploads\/elementor\/thumbs\/logo-desassossego02-qjwtrqykyjbbd66ap2k8wrqalc5x5y3qkiuld6pekg.png\" \/>\n<meta name=\"twitter:card\" content=\"summary_large_image\" \/>\n<script type=\"application\/ld+json\" class=\"yoast-schema-graph\">{\"@context\":\"https:\\\/\\\/schema.org\",\"@graph\":[{\"@type\":\"WebPage\",\"@id\":\"https:\\\/\\\/parabolia.net\\\/tronco\\\/\",\"url\":\"https:\\\/\\\/parabolia.net\\\/tronco\\\/\",\"name\":\"Tronco - Parabolia\",\"isPartOf\":{\"@id\":\"https:\\\/\\\/parabolia.net\\\/#website\"},\"primaryImageOfPage\":{\"@id\":\"https:\\\/\\\/parabolia.net\\\/tronco\\\/#primaryimage\"},\"image\":{\"@id\":\"https:\\\/\\\/parabolia.net\\\/tronco\\\/#primaryimage\"},\"thumbnailUrl\":\"https:\\\/\\\/parabolia.net\\\/wp-content\\\/uploads\\\/elementor\\\/thumbs\\\/logo-desassossego02-qjwtrqykyjbbd66ap2k8wrqalc5x5y3qkiuld6pekg.png\",\"datePublished\":\"2024-01-30T15:31:45+00:00\",\"dateModified\":\"2024-10-04T16:02:10+00:00\",\"inLanguage\":\"en-GB\",\"potentialAction\":[{\"@type\":\"ReadAction\",\"target\":[\"https:\\\/\\\/parabolia.net\\\/tronco\\\/\"]}]},{\"@type\":\"ImageObject\",\"inLanguage\":\"en-GB\",\"@id\":\"https:\\\/\\\/parabolia.net\\\/tronco\\\/#primaryimage\",\"url\":\"https:\\\/\\\/parabolia.net\\\/wp-content\\\/uploads\\\/elementor\\\/thumbs\\\/logo-desassossego02-qjwtrqykyjbbd66ap2k8wrqalc5x5y3qkiuld6pekg.png\",\"contentUrl\":\"https:\\\/\\\/parabolia.net\\\/wp-content\\\/uploads\\\/elementor\\\/thumbs\\\/logo-desassossego02-qjwtrqykyjbbd66ap2k8wrqalc5x5y3qkiuld6pekg.png\"},{\"@type\":\"WebSite\",\"@id\":\"https:\\\/\\\/parabolia.net\\\/#website\",\"url\":\"https:\\\/\\\/parabolia.net\\\/\",\"name\":\"Parabolia\",\"description\":\"Antenando com a cultura independente!\",\"publisher\":{\"@id\":\"https:\\\/\\\/parabolia.net\\\/#organization\"},\"potentialAction\":[{\"@type\":\"SearchAction\",\"target\":{\"@type\":\"EntryPoint\",\"urlTemplate\":\"https:\\\/\\\/parabolia.net\\\/?s={search_term_string}\"},\"query-input\":{\"@type\":\"PropertyValueSpecification\",\"valueRequired\":true,\"valueName\":\"search_term_string\"}}],\"inLanguage\":\"en-GB\"},{\"@type\":\"Organization\",\"@id\":\"https:\\\/\\\/parabolia.net\\\/#organization\",\"name\":\"Parabolia\",\"url\":\"https:\\\/\\\/parabolia.net\\\/\",\"logo\":{\"@type\":\"ImageObject\",\"inLanguage\":\"en-GB\",\"@id\":\"https:\\\/\\\/parabolia.net\\\/#\\\/schema\\\/logo\\\/image\\\/\",\"url\":\"https:\\\/\\\/parabolia.net\\\/wp-content\\\/uploads\\\/2024\\\/02\\\/logo-parabolia01.png\",\"contentUrl\":\"https:\\\/\\\/parabolia.net\\\/wp-content\\\/uploads\\\/2024\\\/02\\\/logo-parabolia01.png\",\"width\":512,\"height\":512,\"caption\":\"Parabolia\"},\"image\":{\"@id\":\"https:\\\/\\\/parabolia.net\\\/#\\\/schema\\\/logo\\\/image\\\/\"},\"sameAs\":[\"https:\\\/\\\/www.instagram.com\\\/laparabolia\\\/\"]}]}<\/script>\n<!-- \/ Yoast SEO plugin. -->","yoast_head_json":{"title":"Tronco - Parabolia","robots":{"index":"index","follow":"follow","max-snippet":"max-snippet:-1","max-image-preview":"max-image-preview:large","max-video-preview":"max-video-preview:-1"},"canonical":"https:\/\/parabolia.net\/en\/tronco\/","og_locale":"en_GB","og_type":"article","og_title":"Tronco - Parabolia","og_description":"https:\/\/parabolia.net\/wp-content\/uploads\/2024\/02\/video-logo-tronco.mp4 Tronco Desenho gr\u00e1fico pela perman\u00eancia do pixel nas grades do tempo. Quando tudo passar e s\u00f3 sobrarem os mineradores, o \u00faltimo ponto de vetor nos lembrar\u00e1 que o algoritmo de como se faz propaganda sempre esteve equivocado. E talvez n\u00f3s tamb\u00e9m. PROJETOS COMPLETOS Desassossego 3\u00aa cicaer Terravoa PROJETOS PONTUAIS Logos Dossi\u00eas Posters &amp; Flyers [&hellip;]","og_url":"https:\/\/parabolia.net\/en\/tronco\/","og_site_name":"Parabolia","article_modified_time":"2024-10-04T16:02:10+00:00","og_image":[{"url":"https:\/\/parabolia.net\/wp-content\/uploads\/elementor\/thumbs\/logo-desassossego02-qjwtrqykyjbbd66ap2k8wrqalc5x5y3qkiuld6pekg.png","type":"","width":"","height":""}],"twitter_card":"summary_large_image","schema":{"@context":"https:\/\/schema.org","@graph":[{"@type":"WebPage","@id":"https:\/\/parabolia.net\/tronco\/","url":"https:\/\/parabolia.net\/tronco\/","name":"Tronco - Parabolia","isPartOf":{"@id":"https:\/\/parabolia.net\/#website"},"primaryImageOfPage":{"@id":"https:\/\/parabolia.net\/tronco\/#primaryimage"},"image":{"@id":"https:\/\/parabolia.net\/tronco\/#primaryimage"},"thumbnailUrl":"https:\/\/parabolia.net\/wp-content\/uploads\/elementor\/thumbs\/logo-desassossego02-qjwtrqykyjbbd66ap2k8wrqalc5x5y3qkiuld6pekg.png","datePublished":"2024-01-30T15:31:45+00:00","dateModified":"2024-10-04T16:02:10+00:00","inLanguage":"en-GB","potentialAction":[{"@type":"ReadAction","target":["https:\/\/parabolia.net\/tronco\/"]}]},{"@type":"ImageObject","inLanguage":"en-GB","@id":"https:\/\/parabolia.net\/tronco\/#primaryimage","url":"https:\/\/parabolia.net\/wp-content\/uploads\/elementor\/thumbs\/logo-desassossego02-qjwtrqykyjbbd66ap2k8wrqalc5x5y3qkiuld6pekg.png","contentUrl":"https:\/\/parabolia.net\/wp-content\/uploads\/elementor\/thumbs\/logo-desassossego02-qjwtrqykyjbbd66ap2k8wrqalc5x5y3qkiuld6pekg.png"},{"@type":"WebSite","@id":"https:\/\/parabolia.net\/#website","url":"https:\/\/parabolia.net\/","name":"Parabolia","description":"Connecting with independent culture!","publisher":{"@id":"https:\/\/parabolia.net\/#organization"},"potentialAction":[{"@type":"SearchAction","target":{"@type":"EntryPoint","urlTemplate":"https:\/\/parabolia.net\/?s={search_term_string}"},"query-input":{"@type":"PropertyValueSpecification","valueRequired":true,"valueName":"search_term_string"}}],"inLanguage":"en-GB"},{"@type":"Organization","@id":"https:\/\/parabolia.net\/#organization","name":"Parabolia","url":"https:\/\/parabolia.net\/","logo":{"@type":"ImageObject","inLanguage":"en-GB","@id":"https:\/\/parabolia.net\/#\/schema\/logo\/image\/","url":"https:\/\/parabolia.net\/wp-content\/uploads\/2024\/02\/logo-parabolia01.png","contentUrl":"https:\/\/parabolia.net\/wp-content\/uploads\/2024\/02\/logo-parabolia01.png","width":512,"height":512,"caption":"Parabolia"},"image":{"@id":"https:\/\/parabolia.net\/#\/schema\/logo\/image\/"},"sameAs":["https:\/\/www.instagram.com\/laparabolia\/"]}]}},"_links":{"self":[{"href":"https:\/\/parabolia.net\/en\/wp-json\/wp\/v2\/pages\/796","targetHints":{"allow":["GET"]}}],"collection":[{"href":"https:\/\/parabolia.net\/en\/wp-json\/wp\/v2\/pages"}],"about":[{"href":"https:\/\/parabolia.net\/en\/wp-json\/wp\/v2\/types\/page"}],"author":[{"embeddable":true,"href":"https:\/\/parabolia.net\/en\/wp-json\/wp\/v2\/users\/2"}],"replies":[{"embeddable":true,"href":"https:\/\/parabolia.net\/en\/wp-json\/wp\/v2\/comments?post=796"}],"version-history":[{"count":162,"href":"https:\/\/parabolia.net\/en\/wp-json\/wp\/v2\/pages\/796\/revisions"}],"predecessor-version":[{"id":3388,"href":"https:\/\/parabolia.net\/en\/wp-json\/wp\/v2\/pages\/796\/revisions\/3388"}],"wp:attachment":[{"href":"https:\/\/parabolia.net\/en\/wp-json\/wp\/v2\/media?parent=796"}],"curies":[{"name":"wp","href":"https:\/\/api.w.org\/{rel}","templated":true}]}}