{"id":798,"date":"2024-01-30T12:34:09","date_gmt":"2024-01-30T15:34:09","guid":{"rendered":"https:\/\/parabolia.net\/?page_id=798"},"modified":"2025-08-15T17:33:54","modified_gmt":"2025-08-15T20:33:54","slug":"contato","status":"publish","type":"page","link":"https:\/\/parabolia.net\/en\/contato\/","title":{"rendered":"Contact"},"content":{"rendered":"<div data-elementor-type=\"wp-page\" data-elementor-id=\"798\" class=\"elementor elementor-798\">\n\t\t\t\t<div class=\"elementor-element elementor-element-1099da7 e-flex e-con-boxed e-con e-parent\" data-id=\"1099da7\" data-element_type=\"container\" data-e-type=\"container\">\n\t\t\t\t\t<div class=\"e-con-inner\">\n\t\t\t\t<div class=\"elementor-element elementor-element-98622d0 elementor-widget-divider--view-line_text elementor-widget-divider--element-align-center elementor-widget elementor-widget-divider\" data-id=\"98622d0\" data-element_type=\"widget\" data-e-type=\"widget\" data-widget_type=\"divider.default\">\n\t\t\t\t<div class=\"elementor-widget-container\">\n\t\t\t\t\t\t\t<div class=\"elementor-divider\">\n\t\t\t<span class=\"elementor-divider-separator\">\n\t\t\t\t\t\t\t<span class=\"elementor-divider__text elementor-divider__element\">\n\t\t\t\tCONTACT\t\t\t\t<\/span>\n\t\t\t\t\t\t<\/span>\n\t\t<\/div>\n\t\t\t\t\t\t<\/div>\n\t\t\t\t<\/div>\n\t\t\t\t\t<\/div>\n\t\t\t\t<\/div>\n\t\t<div class=\"elementor-element elementor-element-f68ede6 e-flex e-con-boxed e-con e-parent\" data-id=\"f68ede6\" data-element_type=\"container\" data-e-type=\"container\">\n\t\t\t\t\t<div class=\"e-con-inner\">\n\t\t\t\t<div class=\"elementor-element elementor-element-5c40a12 elementor-widget__width-initial elementor-widget-mobile__width-inherit elementor-widget-laptop__width-initial elementor-widget-tablet__width-initial elementor-widget elementor-widget-heading\" data-id=\"5c40a12\" data-element_type=\"widget\" data-e-type=\"widget\" data-widget_type=\"heading.default\">\n\t\t\t\t<div class=\"elementor-widget-container\">\n\t\t\t\t\t<h2 class=\"elementor-heading-title elementor-size-default\">Get in touch to ask questions, propose a project, or just say hello. Every connection strengthens the journey.<\/h2>\t\t\t\t<\/div>\n\t\t\t\t<\/div>\n\t\t\t\t\t<\/div>\n\t\t\t\t<\/div>\n\t\t<div class=\"elementor-element elementor-element-8b80584 e-flex e-con-boxed e-con e-parent\" data-id=\"8b80584\" data-element_type=\"container\" data-e-type=\"container\">\n\t\t\t\t\t<div class=\"e-con-inner\">\n\t\t\t\t<div class=\"elementor-element elementor-element-d3ebbf1 elementor-widget__width-initial elementor-widget elementor-widget-image\" data-id=\"d3ebbf1\" data-element_type=\"widget\" data-e-type=\"widget\" data-widget_type=\"image.default\">\n\t\t\t\t<div class=\"elementor-widget-container\">\n\t\t\t\t\t\t\t\t\t\t\t\t\t\t\t<img fetchpriority=\"high\" decoding=\"async\" width=\"900\" height=\"600\" src=\"https:\/\/parabolia.net\/wp-content\/uploads\/2024\/02\/gif-caranguejo03.gif\" class=\"attachment-full size-full wp-image-2021\" alt=\"\" \/>\t\t\t\t\t\t\t\t\t\t\t\t\t\t\t<\/div>\n\t\t\t\t<\/div>\n\t\t\t\t\t<\/div>\n\t\t\t\t<\/div>\n\t\t<div class=\"elementor-element elementor-element-afa705e e-flex e-con-boxed e-con e-parent\" data-id=\"afa705e\" data-element_type=\"container\" data-e-type=\"container\">\n\t\t\t\t\t<div class=\"e-con-inner\">\n\t\t<div class=\"elementor-element elementor-element-95e6964 e-con-full e-flex e-con e-child\" data-id=\"95e6964\" data-element_type=\"container\" data-e-type=\"container\">\n\t\t\t\t<div class=\"elementor-element elementor-element-e8276e9 elementor-widget__width-initial elementor-widget elementor-widget-text-editor\" data-id=\"e8276e9\" data-element_type=\"widget\" data-e-type=\"widget\" data-widget_type=\"text-editor.default\">\n\t\t\t\t<div class=\"elementor-widget-container\">\n\t\t\t\t\t\t\t\t\t<p><span style=\"color: #000000;\">To communicate directly with Parabolia, use the following channels.<\/span><\/p><p><span style=\"color: #000000;\">Below are additional links to find the platform.<\/span><\/p>\t\t\t\t\t\t\t\t<\/div>\n\t\t\t\t<\/div>\n\t\t\t\t<\/div>\n\t\t<div class=\"elementor-element elementor-element-596fb03 e-con-full e-flex e-con e-child\" data-id=\"596fb03\" data-element_type=\"container\" data-e-type=\"container\">\n\t\t\t\t<div class=\"elementor-element elementor-element-a152662 elementor-widget__width-initial elementor-widget elementor-widget-text-editor\" data-id=\"a152662\" data-element_type=\"widget\" data-e-type=\"widget\" data-widget_type=\"text-editor.default\">\n\t\t\t\t<div class=\"elementor-widget-container\">\n\t\t\t\t\t\t\t\t\t<p><span style=\"color: #000000;\"><em>Vin\u00edcios \u2013 Brazil \/ Italy<\/em><\/span><\/p><p><span style=\"color: #000000;\"><strong>e-mail:<\/strong> contato@parabolia.net<\/span><\/p><p><span style=\"color: #000000;\"><strong>whatsapp:<\/strong> +55 11 93415 2561<\/span><\/p>\t\t\t\t\t\t\t\t<\/div>\n\t\t\t\t<\/div>\n\t\t\t\t<\/div>\n\t\t\t\t\t<\/div>\n\t\t\t\t<\/div>\n\t\t\t\t<\/div>","protected":false},"excerpt":{"rendered":"<p>CONTATO Entre em contato para tirar d\u00favidas, propor um projeto ou s\u00f3 dar um salve. Tudo fortalece a caminhada. Para comunicar-se diretamente com a Parabolia utilize os canais a seguir. Logo abaixo est\u00e3o dispon\u00edveis demais links para encontrar a plataforma. Vin\u00edcios &#8211; Brasil \/ It\u00e1lia e-mail: contato@parabolia.net whatsapp: +55 11 93415 2561<\/p>","protected":false},"author":2,"featured_media":0,"parent":0,"menu_order":0,"comment_status":"closed","ping_status":"closed","template":"elementor_canvas","meta":{"footnotes":""},"class_list":["post-798","page","type-page","status-publish","hentry"],"yoast_head":"<!-- This site is optimized with the Yoast SEO plugin v27.4 - https:\/\/yoast.com\/product\/yoast-seo-wordpress\/ -->\n<title>Contato - Parabolia<\/title>\n<meta name=\"robots\" content=\"index, follow, max-snippet:-1, max-image-preview:large, max-video-preview:-1\" \/>\n<link rel=\"canonical\" href=\"https:\/\/parabolia.net\/en\/contato\/\" \/>\n<meta property=\"og:locale\" content=\"en_GB\" \/>\n<meta property=\"og:type\" content=\"article\" \/>\n<meta property=\"og:title\" content=\"Contato - Parabolia\" \/>\n<meta property=\"og:description\" content=\"CONTATO Entre em contato para tirar d\u00favidas, propor um projeto ou s\u00f3 dar um salve. Tudo fortalece a caminhada. Para comunicar-se diretamente com a Parabolia utilize os canais a seguir. Logo abaixo est\u00e3o dispon\u00edveis demais links para encontrar a plataforma. Vin\u00edcios &#8211; Brasil \/ It\u00e1lia e-mail: contato@parabolia.net whatsapp: +55 11 93415 2561\" \/>\n<meta property=\"og:url\" content=\"https:\/\/parabolia.net\/en\/contato\/\" \/>\n<meta property=\"og:site_name\" content=\"Parabolia\" \/>\n<meta property=\"article:modified_time\" content=\"2025-08-15T20:33:54+00:00\" \/>\n<meta property=\"og:image\" content=\"https:\/\/parabolia.net\/wp-content\/uploads\/2024\/02\/gif-caranguejo03.gif\" \/>\n\t<meta property=\"og:image:width\" content=\"900\" \/>\n\t<meta property=\"og:image:height\" content=\"600\" \/>\n\t<meta property=\"og:image:type\" content=\"image\/gif\" \/>\n<meta name=\"twitter:card\" content=\"summary_large_image\" \/>\n<meta name=\"twitter:label1\" content=\"Estimated reading time\" \/>\n\t<meta name=\"twitter:data1\" content=\"1 minute\" \/>\n<script type=\"application\/ld+json\" class=\"yoast-schema-graph\">{\"@context\":\"https:\\\/\\\/schema.org\",\"@graph\":[{\"@type\":\"WebPage\",\"@id\":\"https:\\\/\\\/parabolia.net\\\/contato\\\/\",\"url\":\"https:\\\/\\\/parabolia.net\\\/contato\\\/\",\"name\":\"Contato - Parabolia\",\"isPartOf\":{\"@id\":\"https:\\\/\\\/parabolia.net\\\/#website\"},\"primaryImageOfPage\":{\"@id\":\"https:\\\/\\\/parabolia.net\\\/contato\\\/#primaryimage\"},\"image\":{\"@id\":\"https:\\\/\\\/parabolia.net\\\/contato\\\/#primaryimage\"},\"thumbnailUrl\":\"https:\\\/\\\/parabolia.net\\\/wp-content\\\/uploads\\\/2024\\\/02\\\/gif-caranguejo03.gif\",\"datePublished\":\"2024-01-30T15:34:09+00:00\",\"dateModified\":\"2025-08-15T20:33:54+00:00\",\"inLanguage\":\"en-GB\",\"potentialAction\":[{\"@type\":\"ReadAction\",\"target\":[\"https:\\\/\\\/parabolia.net\\\/contato\\\/\"]}]},{\"@type\":\"ImageObject\",\"inLanguage\":\"en-GB\",\"@id\":\"https:\\\/\\\/parabolia.net\\\/contato\\\/#primaryimage\",\"url\":\"https:\\\/\\\/parabolia.net\\\/wp-content\\\/uploads\\\/2024\\\/02\\\/gif-caranguejo03.gif\",\"contentUrl\":\"https:\\\/\\\/parabolia.net\\\/wp-content\\\/uploads\\\/2024\\\/02\\\/gif-caranguejo03.gif\"},{\"@type\":\"WebSite\",\"@id\":\"https:\\\/\\\/parabolia.net\\\/#website\",\"url\":\"https:\\\/\\\/parabolia.net\\\/\",\"name\":\"Parabolia\",\"description\":\"Antenando com a cultura independente!\",\"publisher\":{\"@id\":\"https:\\\/\\\/parabolia.net\\\/#organization\"},\"potentialAction\":[{\"@type\":\"SearchAction\",\"target\":{\"@type\":\"EntryPoint\",\"urlTemplate\":\"https:\\\/\\\/parabolia.net\\\/?s={search_term_string}\"},\"query-input\":{\"@type\":\"PropertyValueSpecification\",\"valueRequired\":true,\"valueName\":\"search_term_string\"}}],\"inLanguage\":\"en-GB\"},{\"@type\":\"Organization\",\"@id\":\"https:\\\/\\\/parabolia.net\\\/#organization\",\"name\":\"Parabolia\",\"url\":\"https:\\\/\\\/parabolia.net\\\/\",\"logo\":{\"@type\":\"ImageObject\",\"inLanguage\":\"en-GB\",\"@id\":\"https:\\\/\\\/parabolia.net\\\/#\\\/schema\\\/logo\\\/image\\\/\",\"url\":\"https:\\\/\\\/parabolia.net\\\/wp-content\\\/uploads\\\/2024\\\/02\\\/logo-parabolia01.png\",\"contentUrl\":\"https:\\\/\\\/parabolia.net\\\/wp-content\\\/uploads\\\/2024\\\/02\\\/logo-parabolia01.png\",\"width\":512,\"height\":512,\"caption\":\"Parabolia\"},\"image\":{\"@id\":\"https:\\\/\\\/parabolia.net\\\/#\\\/schema\\\/logo\\\/image\\\/\"},\"sameAs\":[\"https:\\\/\\\/www.instagram.com\\\/laparabolia\\\/\"]}]}<\/script>\n<!-- \/ Yoast SEO plugin. -->","yoast_head_json":{"title":"Contato - Parabolia","robots":{"index":"index","follow":"follow","max-snippet":"max-snippet:-1","max-image-preview":"max-image-preview:large","max-video-preview":"max-video-preview:-1"},"canonical":"https:\/\/parabolia.net\/en\/contato\/","og_locale":"en_GB","og_type":"article","og_title":"Contato - Parabolia","og_description":"CONTATO Entre em contato para tirar d\u00favidas, propor um projeto ou s\u00f3 dar um salve. Tudo fortalece a caminhada. Para comunicar-se diretamente com a Parabolia utilize os canais a seguir. Logo abaixo est\u00e3o dispon\u00edveis demais links para encontrar a plataforma. Vin\u00edcios &#8211; Brasil \/ It\u00e1lia e-mail: contato@parabolia.net whatsapp: +55 11 93415 2561","og_url":"https:\/\/parabolia.net\/en\/contato\/","og_site_name":"Parabolia","article_modified_time":"2025-08-15T20:33:54+00:00","og_image":[{"width":900,"height":600,"url":"https:\/\/parabolia.net\/wp-content\/uploads\/2024\/02\/gif-caranguejo03.gif","type":"image\/gif"}],"twitter_card":"summary_large_image","twitter_misc":{"Estimated reading time":"1 minute"},"schema":{"@context":"https:\/\/schema.org","@graph":[{"@type":"WebPage","@id":"https:\/\/parabolia.net\/contato\/","url":"https:\/\/parabolia.net\/contato\/","name":"Contato - Parabolia","isPartOf":{"@id":"https:\/\/parabolia.net\/#website"},"primaryImageOfPage":{"@id":"https:\/\/parabolia.net\/contato\/#primaryimage"},"image":{"@id":"https:\/\/parabolia.net\/contato\/#primaryimage"},"thumbnailUrl":"https:\/\/parabolia.net\/wp-content\/uploads\/2024\/02\/gif-caranguejo03.gif","datePublished":"2024-01-30T15:34:09+00:00","dateModified":"2025-08-15T20:33:54+00:00","inLanguage":"en-GB","potentialAction":[{"@type":"ReadAction","target":["https:\/\/parabolia.net\/contato\/"]}]},{"@type":"ImageObject","inLanguage":"en-GB","@id":"https:\/\/parabolia.net\/contato\/#primaryimage","url":"https:\/\/parabolia.net\/wp-content\/uploads\/2024\/02\/gif-caranguejo03.gif","contentUrl":"https:\/\/parabolia.net\/wp-content\/uploads\/2024\/02\/gif-caranguejo03.gif"},{"@type":"WebSite","@id":"https:\/\/parabolia.net\/#website","url":"https:\/\/parabolia.net\/","name":"Parabolia","description":"Connecting with independent culture!","publisher":{"@id":"https:\/\/parabolia.net\/#organization"},"potentialAction":[{"@type":"SearchAction","target":{"@type":"EntryPoint","urlTemplate":"https:\/\/parabolia.net\/?s={search_term_string}"},"query-input":{"@type":"PropertyValueSpecification","valueRequired":true,"valueName":"search_term_string"}}],"inLanguage":"en-GB"},{"@type":"Organization","@id":"https:\/\/parabolia.net\/#organization","name":"Parabolia","url":"https:\/\/parabolia.net\/","logo":{"@type":"ImageObject","inLanguage":"en-GB","@id":"https:\/\/parabolia.net\/#\/schema\/logo\/image\/","url":"https:\/\/parabolia.net\/wp-content\/uploads\/2024\/02\/logo-parabolia01.png","contentUrl":"https:\/\/parabolia.net\/wp-content\/uploads\/2024\/02\/logo-parabolia01.png","width":512,"height":512,"caption":"Parabolia"},"image":{"@id":"https:\/\/parabolia.net\/#\/schema\/logo\/image\/"},"sameAs":["https:\/\/www.instagram.com\/laparabolia\/"]}]}},"_links":{"self":[{"href":"https:\/\/parabolia.net\/en\/wp-json\/wp\/v2\/pages\/798","targetHints":{"allow":["GET"]}}],"collection":[{"href":"https:\/\/parabolia.net\/en\/wp-json\/wp\/v2\/pages"}],"about":[{"href":"https:\/\/parabolia.net\/en\/wp-json\/wp\/v2\/types\/page"}],"author":[{"embeddable":true,"href":"https:\/\/parabolia.net\/en\/wp-json\/wp\/v2\/users\/2"}],"replies":[{"embeddable":true,"href":"https:\/\/parabolia.net\/en\/wp-json\/wp\/v2\/comments?post=798"}],"version-history":[{"count":75,"href":"https:\/\/parabolia.net\/en\/wp-json\/wp\/v2\/pages\/798\/revisions"}],"predecessor-version":[{"id":4282,"href":"https:\/\/parabolia.net\/en\/wp-json\/wp\/v2\/pages\/798\/revisions\/4282"}],"wp:attachment":[{"href":"https:\/\/parabolia.net\/en\/wp-json\/wp\/v2\/media?parent=798"}],"curies":[{"name":"wp","href":"https:\/\/api.w.org\/{rel}","templated":true}]}}