{"id":800,"date":"2024-01-30T12:34:24","date_gmt":"2024-01-30T15:34:24","guid":{"rendered":"https:\/\/parabolia.net\/?page_id=800"},"modified":"2025-06-16T10:30:56","modified_gmt":"2025-06-16T13:30:56","slug":"sobre","status":"publish","type":"page","link":"https:\/\/parabolia.net\/en\/sobre\/","title":{"rendered":"About"},"content":{"rendered":"<div data-elementor-type=\"wp-page\" data-elementor-id=\"800\" class=\"elementor elementor-800\">\n\t\t\t\t<div class=\"elementor-element elementor-element-eee8c5d e-flex e-con-boxed e-con e-parent\" data-id=\"eee8c5d\" data-element_type=\"container\" data-e-type=\"container\">\n\t\t\t\t\t<div class=\"e-con-inner\">\n\t\t\t\t<div class=\"elementor-element elementor-element-fd465dd elementor-widget-divider--view-line_text elementor-widget-divider--element-align-center elementor-widget elementor-widget-divider\" data-id=\"fd465dd\" data-element_type=\"widget\" data-e-type=\"widget\" data-widget_type=\"divider.default\">\n\t\t\t\t<div class=\"elementor-widget-container\">\n\t\t\t\t\t\t\t<div class=\"elementor-divider\">\n\t\t\t<span class=\"elementor-divider-separator\">\n\t\t\t\t\t\t\t<span class=\"elementor-divider__text elementor-divider__element\">\n\t\t\t\tABOUT\t\t\t\t<\/span>\n\t\t\t\t\t\t<\/span>\n\t\t<\/div>\n\t\t\t\t\t\t<\/div>\n\t\t\t\t<\/div>\n\t\t\t\t\t<\/div>\n\t\t\t\t<\/div>\n\t\t<div class=\"elementor-element elementor-element-8e3d463 e-flex e-con-boxed e-con e-parent\" data-id=\"8e3d463\" data-element_type=\"container\" data-e-type=\"container\">\n\t\t\t\t\t<div class=\"e-con-inner\">\n\t\t<div class=\"elementor-element elementor-element-fe5dfb4 e-con-full e-flex e-con e-child\" data-id=\"fe5dfb4\" data-element_type=\"container\" data-e-type=\"container\">\n\t\t\t\t<div class=\"elementor-element elementor-element-5931167 elementor-widget__width-initial elementor-widget elementor-widget-text-editor\" data-id=\"5931167\" data-element_type=\"widget\" data-e-type=\"widget\" data-widget_type=\"text-editor.default\">\n\t\t\t\t<div class=\"elementor-widget-container\">\n\t\t\t\t\t\t\t\t\t<div><div class=\"ujudUb\"><span style=\"color: #000000;\">Engineering falls on the rocks<\/span><br aria-hidden=\"true\" \/><span style=\"color: #000000;\">A curupira already has his imported sneakers<\/span><br aria-hidden=\"true\" \/><span style=\"color: #000000;\">We can't keep up with the engine of history<\/span><br aria-hidden=\"true\" \/><span style=\"color: #000000;\">But we are baptized by the drumbeat<\/span><\/div><div class=\"ujudUb\"><span style=\"color: #000000;\">and we cherish celestial agriculture<\/span><\/div><div class=\"ujudUb WRZytc\"><span style=\"color: #000000;\">But as the world explodes<\/span><br aria-hidden=\"true\" \/><span style=\"color: #000000;\">We slept in the silence of the neighborhood<\/span><br aria-hidden=\"true\" \/><span style=\"color: #000000;\">Closing your eyes and biting your lips<\/span><br aria-hidden=\"true\" \/><span style=\"color: #000000;\">I feel like doing a lot of things\u2026<\/span><\/div><\/div>\t\t\t\t\t\t\t\t<\/div>\n\t\t\t\t<\/div>\n\t\t\t\t<\/div>\n\t\t<div class=\"elementor-element elementor-element-f92972c e-con-full e-flex e-con e-child\" data-id=\"f92972c\" data-element_type=\"container\" data-e-type=\"container\">\n\t\t\t\t<div class=\"elementor-element elementor-element-54a4433 elementor-widget-mobile__width-inherit elementor-widget elementor-widget-heading\" data-id=\"54a4433\" data-element_type=\"widget\" data-e-type=\"widget\" data-widget_type=\"heading.default\">\n\t\t\t\t<div class=\"elementor-widget-container\">\n\t\t\t\t\t<h2 class=\"elementor-heading-title elementor-size-default\">Chico Science &amp; Na\u00e7\u00e3o Zumbi said:<\/h2>\t\t\t\t<\/div>\n\t\t\t\t<\/div>\n\t\t\t\t<\/div>\n\t\t\t\t\t<\/div>\n\t\t\t\t<\/div>\n\t\t<div class=\"elementor-element elementor-element-52bcedb e-con-full e-flex e-con e-parent\" data-id=\"52bcedb\" data-element_type=\"container\" data-e-type=\"container\">\n\t\t\t\t<div class=\"elementor-element elementor-element-27fd4c1 elementor-widget__width-initial elementor-widget-mobile__width-inherit elementor-widget elementor-widget-heading\" data-id=\"27fd4c1\" data-element_type=\"widget\" data-e-type=\"widget\" data-widget_type=\"heading.default\">\n\t\t\t\t<div class=\"elementor-widget-container\">\n\t\t\t\t\t<h2 class=\"elementor-heading-title elementor-size-default\">Capturing the frequencies of a planet in constant creation.<\/h2>\t\t\t\t<\/div>\n\t\t\t\t<\/div>\n\t\t\t\t<\/div>\n\t\t<div class=\"elementor-element elementor-element-9e93f33 e-flex e-con-boxed e-con e-parent\" data-id=\"9e93f33\" data-element_type=\"container\" data-e-type=\"container\">\n\t\t\t\t\t<div class=\"e-con-inner\">\n\t\t<div class=\"elementor-element elementor-element-5aa7ccc e-con-full e-flex e-con e-child\" data-id=\"5aa7ccc\" data-element_type=\"container\" data-e-type=\"container\">\n\t\t\t\t<div class=\"elementor-element elementor-element-e26969c animated-fast elementor-invisible elementor-widget elementor-widget-image\" data-id=\"e26969c\" data-element_type=\"widget\" data-e-type=\"widget\" data-settings=\"{&quot;_animation&quot;:&quot;zoomIn&quot;}\" data-widget_type=\"image.default\">\n\t\t\t\t<div class=\"elementor-widget-container\">\n\t\t\t\t\t\t\t\t\t\t\t\t\t\t\t<img decoding=\"async\" src=\"https:\/\/parabolia.net\/wp-content\/uploads\/elementor\/thumbs\/logo-parabolia01-qv7zojkorm0srvrrf1rrvzd2ecifhir69t59ht5p8g.png\" title=\"logo-parabolia01\" alt=\"logo-parabolia01\" loading=\"lazy\" \/>\t\t\t\t\t\t\t\t\t\t\t\t\t\t\t<\/div>\n\t\t\t\t<\/div>\n\t\t\t\t<\/div>\n\t\t<div class=\"elementor-element elementor-element-0ab3a87 e-con-full e-flex e-con e-child\" data-id=\"0ab3a87\" data-element_type=\"container\" data-e-type=\"container\">\n\t\t\t\t<div class=\"elementor-element elementor-element-1c1a367 elementor-widget__width-inherit elementor-widget elementor-widget-text-editor\" data-id=\"1c1a367\" data-element_type=\"widget\" data-e-type=\"widget\" data-widget_type=\"text-editor.default\">\n\t\t\t\t<div class=\"elementor-widget-container\">\n\t\t\t\t\t\t\t\t\t<p><strong>Parabolia<\/strong>, founded in 2022, it was created with the purpose of helping other creators discover the aesthetic character of their projects, whether through graphic identities, sounds, and\/or texts. To achieve this, it developed three main areas of activity that today make up the platform\u2019s studio: <strong>Tronco<\/strong> (Graphic Design), <strong>Calu &amp; OST<\/strong> (Music) and <strong>Rascasuelo<\/strong> (Literature).<\/p>\t\t\t\t\t\t\t\t<\/div>\n\t\t\t\t<\/div>\n\t\t\t\t<\/div>\n\t\t\t\t\t<\/div>\n\t\t\t\t<\/div>\n\t\t<div class=\"elementor-element elementor-element-da0f678 e-flex e-con-boxed e-con e-parent\" data-id=\"da0f678\" data-element_type=\"container\" data-e-type=\"container\">\n\t\t\t\t\t<div class=\"e-con-inner\">\n\t\t\t\t<div class=\"elementor-element elementor-element-5514ace elementor-widget__width-initial elementor-widget elementor-widget-heading\" data-id=\"5514ace\" data-element_type=\"widget\" data-e-type=\"widget\" data-widget_type=\"heading.default\">\n\t\t\t\t<div class=\"elementor-widget-container\">\n\t\t\t\t\t<h2 class=\"elementor-heading-title elementor-size-default\">The platform, as a studio, aims to empower independent creators by contributing to their projects of various kinds, such as providing a graphic identity for an agroecological product brand, a soundtrack for a street performance, or poetic writing for promotional material.<\/h2>\t\t\t\t<\/div>\n\t\t\t\t<\/div>\n\t\t\t\t\t<\/div>\n\t\t\t\t<\/div>\n\t\t<div class=\"elementor-element elementor-element-76e1f7a e-flex e-con-boxed e-con e-parent\" data-id=\"76e1f7a\" data-element_type=\"container\" data-e-type=\"container\">\n\t\t\t\t\t<div class=\"e-con-inner\">\n\t\t<div class=\"elementor-element elementor-element-de7be0a e-con-full e-flex e-con e-child\" data-id=\"de7be0a\" data-element_type=\"container\" data-e-type=\"container\">\n\t\t\t\t<div class=\"elementor-element elementor-element-5289b3f elementor-widget__width-inherit elementor-widget elementor-widget-text-editor\" data-id=\"5289b3f\" data-element_type=\"widget\" data-e-type=\"widget\" data-widget_type=\"text-editor.default\">\n\t\t\t\t<div class=\"elementor-widget-container\">\n\t\t\t\t\t\t\t\t\t<p>For the execution of these projects, the studio strives to use only free and open-source software digitally whenever possible. It believes in the importance of acquiring and maintaining tools developed and made available for everyone, without class distinctions, and in the freedom to share collective knowledge.<\/p>\t\t\t\t\t\t\t\t<\/div>\n\t\t\t\t<\/div>\n\t\t\t\t<\/div>\n\t\t<div class=\"elementor-element elementor-element-d7040e2 e-con-full e-flex e-con e-child\" data-id=\"d7040e2\" data-element_type=\"container\" data-e-type=\"container\">\n\t\t\t\t<div class=\"elementor-element elementor-element-82d4ad5 elementor-invisible elementor-widget elementor-widget-image\" data-id=\"82d4ad5\" data-element_type=\"widget\" data-e-type=\"widget\" data-settings=\"{&quot;_animation&quot;:&quot;headShake&quot;}\" data-widget_type=\"image.default\">\n\t\t\t\t<div class=\"elementor-widget-container\">\n\t\t\t\t\t\t\t\t\t\t\t\t\t\t\t<img fetchpriority=\"high\" decoding=\"async\" width=\"341\" height=\"150\" src=\"https:\/\/parabolia.net\/wp-content\/uploads\/2024\/02\/thumb-web01.png\" class=\"attachment-full size-full wp-image-2085\" alt=\"\" srcset=\"https:\/\/parabolia.net\/wp-content\/uploads\/2024\/02\/thumb-web01.png 341w, https:\/\/parabolia.net\/wp-content\/uploads\/2024\/02\/thumb-web01-300x132.png 300w\" sizes=\"(max-width: 341px) 100vw, 341px\" \/>\t\t\t\t\t\t\t\t\t\t\t\t\t\t\t<\/div>\n\t\t\t\t<\/div>\n\t\t\t\t<\/div>\n\t\t\t\t\t<\/div>\n\t\t\t\t<\/div>\n\t\t<div class=\"elementor-element elementor-element-40c33b1 e-flex e-con-boxed e-con e-parent\" data-id=\"40c33b1\" data-element_type=\"container\" data-e-type=\"container\">\n\t\t\t\t\t<div class=\"e-con-inner\">\n\t\t\t\t<div class=\"elementor-element elementor-element-35659e6 elementor-widget__width-initial elementor-widget elementor-widget-heading\" data-id=\"35659e6\" data-element_type=\"widget\" data-e-type=\"widget\" data-widget_type=\"heading.default\">\n\t\t\t\t<div class=\"elementor-widget-container\">\n\t\t\t\t\t<h2 class=\"elementor-heading-title elementor-size-default\">In 2025, besides collaborating with other creators, Parabolia began embracing its performative nature and developing original and co-created projects designed for performance spaces. These projects are essentially multidisciplinary, encompassing\u2014not only the tools from its areas of expertise\u2014but also circus, theater, and dance. <\/h2>\t\t\t\t<\/div>\n\t\t\t\t<\/div>\n\t\t\t\t\t<\/div>\n\t\t\t\t<\/div>\n\t\t<div class=\"elementor-element elementor-element-b226a26 e-flex e-con-boxed e-con e-parent\" data-id=\"b226a26\" data-element_type=\"container\" data-e-type=\"container\">\n\t\t\t\t\t<div class=\"e-con-inner\">\n\t\t<div class=\"elementor-element elementor-element-6ab6818 e-con-full e-flex e-con e-child\" data-id=\"6ab6818\" data-element_type=\"container\" data-e-type=\"container\">\n\t\t\t\t<div class=\"elementor-element elementor-element-9830198 elementor-widget elementor-widget-image\" data-id=\"9830198\" data-element_type=\"widget\" data-e-type=\"widget\" data-widget_type=\"image.default\">\n\t\t\t\t<div class=\"elementor-widget-container\">\n\t\t\t\t\t\t\t\t\t\t\t\t<figure class=\"wp-caption\">\n\t\t\t\t\t\t\t\t\t\t<img decoding=\"async\" src=\"https:\/\/parabolia.net\/wp-content\/uploads\/elementor\/thumbs\/foto-vinicios-r77h88v3718sgrj7qioi300x57ijo7x5kmitomojr4.png\" title=\"foto-vinicios\" alt=\"foto-vinicios\" loading=\"lazy\" \/>\t\t\t\t\t\t\t\t\t\t\t<figcaption class=\"widget-image-caption wp-caption-text\">- Lilla (C) |  @lasart.stage_photography -<\/figcaption>\n\t\t\t\t\t\t\t\t\t\t<\/figure>\n\t\t\t\t\t\t\t\t\t<\/div>\n\t\t\t\t<\/div>\n\t\t\t\t<\/div>\n\t\t<div class=\"elementor-element elementor-element-9bb48e8 e-con-full e-flex e-con e-child\" data-id=\"9bb48e8\" data-element_type=\"container\" data-e-type=\"container\">\n\t\t<div class=\"elementor-element elementor-element-cfb8cd6 e-con-full e-flex e-con e-child\" data-id=\"cfb8cd6\" data-element_type=\"container\" data-e-type=\"container\">\n\t\t\t\t<div class=\"elementor-element elementor-element-1d197d5 elementor-widget__width-initial elementor-widget elementor-widget-text-editor\" data-id=\"1d197d5\" data-element_type=\"widget\" data-e-type=\"widget\" data-widget_type=\"text-editor.default\">\n\t\t\t\t<div class=\"elementor-widget-container\">\n\t\t\t\t\t\t\t\t\t<p class=\"translation-block\">The platform was born from the mind and hands of <strong>Vin\u00edcios<\/strong>, who is immersed in the performing arts company circuit. With a multidisciplinary background\u2014half institutional and half self-taught\u2014he also works as a circus artist, actor, and dancer. Because of this, <strong>Parabolia<\/strong> constantly adapts and expands its creative tools to develop new projects.<\/p>\t\t\t\t\t\t\t\t<\/div>\n\t\t\t\t<\/div>\n\t\t<div class=\"elementor-element elementor-element-a5169e5 e-con-full e-flex e-con e-child\" data-id=\"a5169e5\" data-element_type=\"container\" data-e-type=\"container\">\n\t\t\t\t<div class=\"elementor-element elementor-element-d528892 elementor-widget__width-initial elementor-widget elementor-widget-image\" data-id=\"d528892\" data-element_type=\"widget\" data-e-type=\"widget\" data-widget_type=\"image.default\">\n\t\t\t\t<div class=\"elementor-widget-container\">\n\t\t\t\t\t\t\t\t\t\t\t\t\t\t\t<img decoding=\"async\" width=\"150\" height=\"21\" src=\"https:\/\/parabolia.net\/wp-content\/uploads\/2024\/01\/gif-conectando.gif\" class=\"attachment-full size-full wp-image-2137\" alt=\"\" \/>\t\t\t\t\t\t\t\t\t\t\t\t\t\t\t<\/div>\n\t\t\t\t<\/div>\n\t\t\t\t<\/div>\n\t\t\t\t<\/div>\n\t\t<div class=\"elementor-element elementor-element-9e1304e e-con-full e-flex e-con e-child\" data-id=\"9e1304e\" data-element_type=\"container\" data-e-type=\"container\">\n\t\t<div class=\"elementor-element elementor-element-b69c157 e-con-full e-flex e-con e-child\" data-id=\"b69c157\" data-element_type=\"container\" data-e-type=\"container\">\n\t\t\t\t<div class=\"elementor-element elementor-element-2db5e04 elementor-button-info elementor-align-center elementor-widget__width-initial elementor-widget elementor-widget-button\" data-id=\"2db5e04\" data-element_type=\"widget\" data-e-type=\"widget\" data-widget_type=\"button.default\">\n\t\t\t\t<div class=\"elementor-widget-container\">\n\t\t\t\t\t\t\t\t\t<div class=\"elementor-button-wrapper\">\n\t\t\t\t\t<a class=\"elementor-button elementor-button-link elementor-size-sm elementor-animation-shrink\" href=\"https:\/\/parabolia.net\/wp-content\/uploads\/2025\/06\/VINICIOS-DEBS_CV-PORTFOLIO_2025-pt.pdf\" target=\"_blank\" download=\"\">\n\t\t\t\t\t\t<span class=\"elementor-button-content-wrapper\">\n\t\t\t\t\t\t<span class=\"elementor-button-icon\">\n\t\t\t\t<svg aria-hidden=\"true\" class=\"e-font-icon-svg e-far-arrow-alt-circle-up\" viewbox=\"0 0 512 512\" xmlns=\"http:\/\/www.w3.org\/2000\/svg\"><path d=\"M256 504c137 0 248-111 248-248S393 8 256 8 8 119 8 256s111 248 248 248zm0-448c110.5 0 200 89.5 200 200s-89.5 200-200 200S56 366.5 56 256 145.5 56 256 56zm20 328h-40c-6.6 0-12-5.4-12-12V256h-67c-10.7 0-16-12.9-8.5-20.5l99-99c4.7-4.7 12.3-4.7 17 0l99 99c7.6 7.6 2.2 20.5-8.5 20.5h-67v116c0 6.6-5.4 12-12 12z\"><\/path><\/svg>\t\t\t<\/span>\n\t\t\t\t\t\t\t\t\t<span class=\"elementor-button-text\">CV (PT)<\/span>\n\t\t\t\t\t<\/span>\n\t\t\t\t\t<\/a>\n\t\t\t\t<\/div>\n\t\t\t\t\t\t\t\t<\/div>\n\t\t\t\t<\/div>\n\t\t\t\t<\/div>\n\t\t<div class=\"elementor-element elementor-element-c0abcee e-con-full e-flex e-con e-child\" data-id=\"c0abcee\" data-element_type=\"container\" data-e-type=\"container\">\n\t\t\t\t<div class=\"elementor-element elementor-element-9251e52 elementor-button-info elementor-align-center elementor-widget__width-initial elementor-widget elementor-widget-button\" data-id=\"9251e52\" data-element_type=\"widget\" data-e-type=\"widget\" data-widget_type=\"button.default\">\n\t\t\t\t<div class=\"elementor-widget-container\">\n\t\t\t\t\t\t\t\t\t<div class=\"elementor-button-wrapper\">\n\t\t\t\t\t<a class=\"elementor-button elementor-button-link elementor-size-sm elementor-animation-shrink\" href=\"https:\/\/parabolia.net\/wp-content\/uploads\/2025\/06\/VINICIOS-DEBS_CV-PORTFOLIO_2025-en.pdf\" target=\"_blank\" download=\"\">\n\t\t\t\t\t\t<span class=\"elementor-button-content-wrapper\">\n\t\t\t\t\t\t<span class=\"elementor-button-icon\">\n\t\t\t\t<svg aria-hidden=\"true\" class=\"e-font-icon-svg e-far-arrow-alt-circle-up\" viewbox=\"0 0 512 512\" xmlns=\"http:\/\/www.w3.org\/2000\/svg\"><path d=\"M256 504c137 0 248-111 248-248S393 8 256 8 8 119 8 256s111 248 248 248zm0-448c110.5 0 200 89.5 200 200s-89.5 200-200 200S56 366.5 56 256 145.5 56 256 56zm20 328h-40c-6.6 0-12-5.4-12-12V256h-67c-10.7 0-16-12.9-8.5-20.5l99-99c4.7-4.7 12.3-4.7 17 0l99 99c7.6 7.6 2.2 20.5-8.5 20.5h-67v116c0 6.6-5.4 12-12 12z\"><\/path><\/svg>\t\t\t<\/span>\n\t\t\t\t\t\t\t\t\t<span class=\"elementor-button-text\">CV (EN)<\/span>\n\t\t\t\t\t<\/span>\n\t\t\t\t\t<\/a>\n\t\t\t\t<\/div>\n\t\t\t\t\t\t\t\t<\/div>\n\t\t\t\t<\/div>\n\t\t\t\t<\/div>\n\t\t\t\t<\/div>\n\t\t<div class=\"elementor-element elementor-element-e7cb515 e-con-full e-flex e-con e-child\" data-id=\"e7cb515\" data-element_type=\"container\" data-e-type=\"container\">\n\t\t\t\t<div class=\"elementor-element elementor-element-b2fc091 elementor-widget__width-initial elementor-widget elementor-widget-text-editor\" data-id=\"b2fc091\" data-element_type=\"widget\" data-e-type=\"widget\" data-widget_type=\"text-editor.default\">\n\t\t\t\t<div class=\"elementor-widget-container\">\n\t\t\t\t\t\t\t\t\t<p><strong>To learn more about<\/strong> Vin\u00edcios\u2019s background, you can access his resume below, available for download in both Portuguese and English.<\/p>\t\t\t\t\t\t\t\t<\/div>\n\t\t\t\t<\/div>\n\t\t\t\t<\/div>\n\t\t\t\t<\/div>\n\t\t\t\t\t<\/div>\n\t\t\t\t<\/div>\n\t\t\t\t<\/div>","protected":false},"excerpt":{"rendered":"<p>SOBRE A engenharia cai sobre as pedrasUm curupira j\u00e1 tem o seu t\u00eanis importadoN\u00e3o conseguimos acompanhar o motor da hist\u00f3riaMas somos batizados pelo batuquee apreciamos a agricultura celesteMas enquanto o mundo explodeN\u00f3s dormimos no sil\u00eancio do bairroFechando os olhos e mordendo os l\u00e1biosSinto vontade de fazer muita coisa&#8230; Chico Science &amp; Na\u00e7\u00e3o Zumbi diziam: Captando [&hellip;]<\/p>\n","protected":false},"author":2,"featured_media":0,"parent":0,"menu_order":0,"comment_status":"closed","ping_status":"closed","template":"elementor_canvas","meta":{"footnotes":""},"class_list":["post-800","page","type-page","status-publish","hentry"],"yoast_head":"<!-- This site is optimized with the Yoast SEO plugin v27.4 - https:\/\/yoast.com\/product\/yoast-seo-wordpress\/ -->\n<title>Sobre - Parabolia<\/title>\n<meta name=\"robots\" content=\"index, follow, max-snippet:-1, max-image-preview:large, max-video-preview:-1\" \/>\n<link rel=\"canonical\" href=\"https:\/\/parabolia.net\/en\/sobre\/\" \/>\n<meta property=\"og:locale\" content=\"en_GB\" \/>\n<meta property=\"og:type\" content=\"article\" \/>\n<meta property=\"og:title\" content=\"Sobre - Parabolia\" \/>\n<meta property=\"og:description\" content=\"SOBRE A engenharia cai sobre as pedrasUm curupira j\u00e1 tem o seu t\u00eanis importadoN\u00e3o conseguimos acompanhar o motor da hist\u00f3riaMas somos batizados pelo batuquee apreciamos a agricultura celesteMas enquanto o mundo explodeN\u00f3s dormimos no sil\u00eancio do bairroFechando os olhos e mordendo os l\u00e1biosSinto vontade de fazer muita coisa&#8230; Chico Science &amp; Na\u00e7\u00e3o Zumbi diziam: Captando [&hellip;]\" \/>\n<meta property=\"og:url\" content=\"https:\/\/parabolia.net\/en\/sobre\/\" \/>\n<meta property=\"og:site_name\" content=\"Parabolia\" \/>\n<meta property=\"article:modified_time\" content=\"2025-06-16T13:30:56+00:00\" \/>\n<meta property=\"og:image\" content=\"https:\/\/parabolia.net\/wp-content\/uploads\/elementor\/thumbs\/logo-parabolia01-qv7zojkorm0srvrrf1rrvzd2ecifhir69t59ht5p8g.png\" \/>\n<meta name=\"twitter:card\" content=\"summary_large_image\" \/>\n<meta name=\"twitter:label1\" content=\"Estimated reading time\" \/>\n\t<meta name=\"twitter:data1\" content=\"2 minutes\" \/>\n<script type=\"application\/ld+json\" class=\"yoast-schema-graph\">{\"@context\":\"https:\\\/\\\/schema.org\",\"@graph\":[{\"@type\":\"WebPage\",\"@id\":\"https:\\\/\\\/parabolia.net\\\/sobre\\\/\",\"url\":\"https:\\\/\\\/parabolia.net\\\/sobre\\\/\",\"name\":\"Sobre - Parabolia\",\"isPartOf\":{\"@id\":\"https:\\\/\\\/parabolia.net\\\/#website\"},\"primaryImageOfPage\":{\"@id\":\"https:\\\/\\\/parabolia.net\\\/sobre\\\/#primaryimage\"},\"image\":{\"@id\":\"https:\\\/\\\/parabolia.net\\\/sobre\\\/#primaryimage\"},\"thumbnailUrl\":\"https:\\\/\\\/parabolia.net\\\/wp-content\\\/uploads\\\/elementor\\\/thumbs\\\/logo-parabolia01-qv7zojkorm0srvrrf1rrvzd2ecifhir69t59ht5p8g.png\",\"datePublished\":\"2024-01-30T15:34:24+00:00\",\"dateModified\":\"2025-06-16T13:30:56+00:00\",\"inLanguage\":\"en-GB\",\"potentialAction\":[{\"@type\":\"ReadAction\",\"target\":[\"https:\\\/\\\/parabolia.net\\\/sobre\\\/\"]}]},{\"@type\":\"ImageObject\",\"inLanguage\":\"en-GB\",\"@id\":\"https:\\\/\\\/parabolia.net\\\/sobre\\\/#primaryimage\",\"url\":\"https:\\\/\\\/parabolia.net\\\/wp-content\\\/uploads\\\/elementor\\\/thumbs\\\/logo-parabolia01-qv7zojkorm0srvrrf1rrvzd2ecifhir69t59ht5p8g.png\",\"contentUrl\":\"https:\\\/\\\/parabolia.net\\\/wp-content\\\/uploads\\\/elementor\\\/thumbs\\\/logo-parabolia01-qv7zojkorm0srvrrf1rrvzd2ecifhir69t59ht5p8g.png\"},{\"@type\":\"WebSite\",\"@id\":\"https:\\\/\\\/parabolia.net\\\/#website\",\"url\":\"https:\\\/\\\/parabolia.net\\\/\",\"name\":\"Parabolia\",\"description\":\"Antenando com a cultura independente!\",\"publisher\":{\"@id\":\"https:\\\/\\\/parabolia.net\\\/#organization\"},\"potentialAction\":[{\"@type\":\"SearchAction\",\"target\":{\"@type\":\"EntryPoint\",\"urlTemplate\":\"https:\\\/\\\/parabolia.net\\\/?s={search_term_string}\"},\"query-input\":{\"@type\":\"PropertyValueSpecification\",\"valueRequired\":true,\"valueName\":\"search_term_string\"}}],\"inLanguage\":\"en-GB\"},{\"@type\":\"Organization\",\"@id\":\"https:\\\/\\\/parabolia.net\\\/#organization\",\"name\":\"Parabolia\",\"url\":\"https:\\\/\\\/parabolia.net\\\/\",\"logo\":{\"@type\":\"ImageObject\",\"inLanguage\":\"en-GB\",\"@id\":\"https:\\\/\\\/parabolia.net\\\/#\\\/schema\\\/logo\\\/image\\\/\",\"url\":\"https:\\\/\\\/parabolia.net\\\/wp-content\\\/uploads\\\/2024\\\/02\\\/logo-parabolia01.png\",\"contentUrl\":\"https:\\\/\\\/parabolia.net\\\/wp-content\\\/uploads\\\/2024\\\/02\\\/logo-parabolia01.png\",\"width\":512,\"height\":512,\"caption\":\"Parabolia\"},\"image\":{\"@id\":\"https:\\\/\\\/parabolia.net\\\/#\\\/schema\\\/logo\\\/image\\\/\"},\"sameAs\":[\"https:\\\/\\\/www.instagram.com\\\/laparabolia\\\/\"]}]}<\/script>\n<!-- \/ Yoast SEO plugin. -->","yoast_head_json":{"title":"Sobre - Parabolia","robots":{"index":"index","follow":"follow","max-snippet":"max-snippet:-1","max-image-preview":"max-image-preview:large","max-video-preview":"max-video-preview:-1"},"canonical":"https:\/\/parabolia.net\/en\/sobre\/","og_locale":"en_GB","og_type":"article","og_title":"Sobre - Parabolia","og_description":"SOBRE A engenharia cai sobre as pedrasUm curupira j\u00e1 tem o seu t\u00eanis importadoN\u00e3o conseguimos acompanhar o motor da hist\u00f3riaMas somos batizados pelo batuquee apreciamos a agricultura celesteMas enquanto o mundo explodeN\u00f3s dormimos no sil\u00eancio do bairroFechando os olhos e mordendo os l\u00e1biosSinto vontade de fazer muita coisa&#8230; Chico Science &amp; Na\u00e7\u00e3o Zumbi diziam: Captando [&hellip;]","og_url":"https:\/\/parabolia.net\/en\/sobre\/","og_site_name":"Parabolia","article_modified_time":"2025-06-16T13:30:56+00:00","og_image":[{"url":"https:\/\/parabolia.net\/wp-content\/uploads\/elementor\/thumbs\/logo-parabolia01-qv7zojkorm0srvrrf1rrvzd2ecifhir69t59ht5p8g.png","type":"","width":"","height":""}],"twitter_card":"summary_large_image","twitter_misc":{"Estimated reading time":"2 minutes"},"schema":{"@context":"https:\/\/schema.org","@graph":[{"@type":"WebPage","@id":"https:\/\/parabolia.net\/sobre\/","url":"https:\/\/parabolia.net\/sobre\/","name":"Sobre - Parabolia","isPartOf":{"@id":"https:\/\/parabolia.net\/#website"},"primaryImageOfPage":{"@id":"https:\/\/parabolia.net\/sobre\/#primaryimage"},"image":{"@id":"https:\/\/parabolia.net\/sobre\/#primaryimage"},"thumbnailUrl":"https:\/\/parabolia.net\/wp-content\/uploads\/elementor\/thumbs\/logo-parabolia01-qv7zojkorm0srvrrf1rrvzd2ecifhir69t59ht5p8g.png","datePublished":"2024-01-30T15:34:24+00:00","dateModified":"2025-06-16T13:30:56+00:00","inLanguage":"en-GB","potentialAction":[{"@type":"ReadAction","target":["https:\/\/parabolia.net\/sobre\/"]}]},{"@type":"ImageObject","inLanguage":"en-GB","@id":"https:\/\/parabolia.net\/sobre\/#primaryimage","url":"https:\/\/parabolia.net\/wp-content\/uploads\/elementor\/thumbs\/logo-parabolia01-qv7zojkorm0srvrrf1rrvzd2ecifhir69t59ht5p8g.png","contentUrl":"https:\/\/parabolia.net\/wp-content\/uploads\/elementor\/thumbs\/logo-parabolia01-qv7zojkorm0srvrrf1rrvzd2ecifhir69t59ht5p8g.png"},{"@type":"WebSite","@id":"https:\/\/parabolia.net\/#website","url":"https:\/\/parabolia.net\/","name":"Parabolia","description":"Connecting with independent culture!","publisher":{"@id":"https:\/\/parabolia.net\/#organization"},"potentialAction":[{"@type":"SearchAction","target":{"@type":"EntryPoint","urlTemplate":"https:\/\/parabolia.net\/?s={search_term_string}"},"query-input":{"@type":"PropertyValueSpecification","valueRequired":true,"valueName":"search_term_string"}}],"inLanguage":"en-GB"},{"@type":"Organization","@id":"https:\/\/parabolia.net\/#organization","name":"Parabolia","url":"https:\/\/parabolia.net\/","logo":{"@type":"ImageObject","inLanguage":"en-GB","@id":"https:\/\/parabolia.net\/#\/schema\/logo\/image\/","url":"https:\/\/parabolia.net\/wp-content\/uploads\/2024\/02\/logo-parabolia01.png","contentUrl":"https:\/\/parabolia.net\/wp-content\/uploads\/2024\/02\/logo-parabolia01.png","width":512,"height":512,"caption":"Parabolia"},"image":{"@id":"https:\/\/parabolia.net\/#\/schema\/logo\/image\/"},"sameAs":["https:\/\/www.instagram.com\/laparabolia\/"]}]}},"_links":{"self":[{"href":"https:\/\/parabolia.net\/en\/wp-json\/wp\/v2\/pages\/800","targetHints":{"allow":["GET"]}}],"collection":[{"href":"https:\/\/parabolia.net\/en\/wp-json\/wp\/v2\/pages"}],"about":[{"href":"https:\/\/parabolia.net\/en\/wp-json\/wp\/v2\/types\/page"}],"author":[{"embeddable":true,"href":"https:\/\/parabolia.net\/en\/wp-json\/wp\/v2\/users\/2"}],"replies":[{"embeddable":true,"href":"https:\/\/parabolia.net\/en\/wp-json\/wp\/v2\/comments?post=800"}],"version-history":[{"count":114,"href":"https:\/\/parabolia.net\/en\/wp-json\/wp\/v2\/pages\/800\/revisions"}],"predecessor-version":[{"id":4208,"href":"https:\/\/parabolia.net\/en\/wp-json\/wp\/v2\/pages\/800\/revisions\/4208"}],"wp:attachment":[{"href":"https:\/\/parabolia.net\/en\/wp-json\/wp\/v2\/media?parent=800"}],"curies":[{"name":"wp","href":"https:\/\/api.w.org\/{rel}","templated":true}]}}